{"id":9657,"date":"2024-02-04T11:06:41","date_gmt":"2024-06-12T11:26:08","guid":{"rendered":"https:\/\/donar.ir\/?post_type=product&#038;p=9657"},"modified":"2024-06-12T14:56:10","modified_gmt":"2024-06-12T11:26:10","slug":"donar-elektrikli-su-qizdiricisi-modeli-dew100c","status":"publish","type":"product","link":"https:\/\/donar.ir\/az\/product\/donar-elektrikli-su-qizdiricisi-modeli-dew100c\/","title":{"rendered":"Donar elektrikli su q\u0131zd\u0131r\u0131c\u0131s\u0131 modeli DEW100C"},"content":{"rendered":"<p dir=\"ltr\" style=\"text-align: left;\">Donar 100A elektrik su q\u0131zd\u0131r\u0131c\u0131s\u0131 \u0130randa ilk d\u0259f\u0259 Donarakhzer \u015firk\u0259ti t\u0259r\u0259find\u0259n 49506 patent qeydiyyat n\u00f6mr\u0259si il\u0259 v\u0259 onun imtiyaz\u0131 20 il ard\u0131c\u0131l olaraq yaln\u0131z Donar \u015firk\u0259tin\u0259 m\u0259xsusdur.<br \/>\nDonar elektrikli su q\u0131zd\u0131r\u0131c\u0131s\u0131 divara qura\u015fd\u0131r\u0131l\u0131b v\u0259 qura\u015fd\u0131rmaq asand\u0131r. Tank\u0131n izolyasiyas\u0131 say\u0259sind\u0259 i\u00e7ind\u0259ki suyun temperaturu bo\u015fa getmir v\u0259 bu \u0259m\u0259liyyat<br \/>\nEnerjiy\u0259 q\u0259na\u0259t edir. Donar elektrikli su q\u0131zd\u0131r\u0131c\u0131s\u0131nda birt\u0259r\u0259fli klapan kimi, h\u0259m d\u0259 t\u0259hl\u00fck\u0259sizlik klapan kimi i\u015fl\u0259y\u0259n x\u00fcsusi klapan var.<br \/>\nOnun 60 litrlik \u00f6l\u00e7\u00fcs\u00fc ki\u00e7ik \u00f6l\u00e7\u00fcs\u00fcn\u0259, y\u00fcks\u0259k effektivliyin\u0259, g\u00f6z\u0259lliyin\u0259 v\u0259 az enerji s\u0259rfiyyat\u0131na g\u00f6r\u0259 ofisl\u0259rd\u0259, ofisl\u0259rd\u0259, az istehlak g\u00fcc\u00fc olan yerl\u0259rd\u0259 v\u0259 dig\u0259r yerl\u0259rd\u0259, o c\u00fcml\u0259d\u0259n evl\u0259rd\u0259, restoranlarda, otell\u0259rd\u0259 qura\u015fd\u0131r\u0131la bil\u0259r.<br \/>\nBu m\u0259hsul tamamil\u0259 yenidir v\u0259 yerli ekvivalenti yoxdur v\u0259 son d\u0259r\u0259c\u0259 y\u00fcks\u0259k t\u0259hl\u00fck\u0259sizliy\u0259 malikdir. \u015e\u0259h\u0259r suyunun t\u0259zyiqi a\u015fa\u011f\u0131 olan yerl\u0259rd\u0259 rahatl\u0131qla istifad\u0259 edil\u0259 bil\u0259r. Termostatikdir v\u0259 ist\u0259nil\u0259n temperatura uy\u011funla\u015fd\u0131r\u0131la bil\u0259r. Donar elektrik su q\u0131zd\u0131r\u0131c\u0131s\u0131n\u0131 qaz k\u0259m\u0259rl\u0259rinin \u00e7\u0259kilm\u0259si m\u00fcmk\u00fcn olmayan yerl\u0259rd\u0259 istifad\u0259 etm\u0259k olar.<\/p>\n<p dir=\"ltr\" style=\"text-align: left;\">\u00fcst\u00fcnl\u00fckl\u0259ri:<br \/>\nQal\u0131n \u00f6rt\u00fckl\u00fc isti sinkl\u0259nmi\u015f t\u0259b\u0259q\u0259<br \/>\nS\u0259m\u0259r\u0259lilik v\u0259 enerjiy\u0259 q\u0259na\u0259t<br \/>\nG\u00fccl\u00fc v\u0259 izolyasiya edilmi\u015f b\u0259d\u0259n<br \/>\nAvropa elementl\u0259rinin istifad\u0259si (az istehlak &#8211; y\u00fcks\u0259k keyfiyy\u0259t)<br \/>\n\u018fn q\u0131sa m\u00fcdd\u0259td\u0259 suyun q\u0131zd\u0131r\u0131lmas\u0131<br \/>\n\u0130ki t\u0259r\u0259fli t\u0259hl\u00fck\u0259sizlik klapan\u0131 il\u0259 t\u0259chiz edilmi\u015fdir<br \/>\nElektrik hiss\u0259l\u0259rin\u0259 s\u00fcr\u0259tli v\u0259 asan giri\u015f<\/p>\n","protected":false},"excerpt":{"rendered":"<p>Donar 100A elektrik su q\u0131zd\u0131r\u0131c\u0131s\u0131 \u0130randa ilk d\u0259f\u0259 Donarakhzer \u015firk\u0259ti t\u0259r\u0259find\u0259n 49506 patent qeydiyyat n\u00f6mr\u0259si il\u0259 v\u0259 onun imtiyaz\u0131 20<\/p>\n","protected":false},"featured_media":6890,"comment_status":"open","ping_status":"closed","template":"","meta":[],"product_cat":[280],"product_tag":[291,372,371],"yoast_head":"<!-- This site is optimized with the Yoast SEO plugin v22.8 - https:\/\/yoast.com\/wordpress\/plugins\/seo\/ -->\n<title>Donar elektrikli su q\u0131zd\u0131r\u0131c\u0131s\u0131 modeli DEW100C - \u062f\u0648\u0646\u0627\u0631<\/title>\n<meta name=\"robots\" content=\"index, follow, max-snippet:-1, max-image-preview:large, max-video-preview:-1\" \/>\n<link rel=\"canonical\" href=\"https:\/\/donar.ir\/az\/product\/donar-elektrikli-su-qizdiricisi-modeli-dew100c\/\" \/>\n<meta property=\"og:locale\" content=\"az_AZ\" \/>\n<meta property=\"og:type\" content=\"article\" \/>\n<meta property=\"og:title\" content=\"Donar elektrikli su q\u0131zd\u0131r\u0131c\u0131s\u0131 modeli DEW100C - \u062f\u0648\u0646\u0627\u0631\" \/>\n<meta property=\"og:description\" content=\"Donar 100A elektrik su q\u0131zd\u0131r\u0131c\u0131s\u0131 \u0130randa ilk d\u0259f\u0259 Donarakhzer \u015firk\u0259ti t\u0259r\u0259find\u0259n 49506 patent qeydiyyat n\u00f6mr\u0259si il\u0259 v\u0259 onun imtiyaz\u0131 20\" \/>\n<meta property=\"og:url\" content=\"https:\/\/donar.ir\/az\/product\/donar-elektrikli-su-qizdiricisi-modeli-dew100c\/\" \/>\n<meta property=\"og:site_name\" content=\"\u062f\u0648\u0646\u0627\u0631\" \/>\n<meta property=\"article:modified_time\" content=\"2024-06-12T11:26:10+00:00\" \/>\n<meta property=\"og:image\" content=\"https:\/\/donar.ir\/wp-content\/uploads\/2024\/02\/2147483648_-210375.jpg\" \/>\n\t<meta property=\"og:image:width\" content=\"800\" \/>\n\t<meta property=\"og:image:height\" content=\"800\" \/>\n\t<meta property=\"og:image:type\" content=\"image\/jpeg\" \/>\n<meta name=\"twitter:card\" content=\"summary_large_image\" \/>\n<meta name=\"twitter:label1\" content=\"Est. reading time\" \/>\n\t<meta name=\"twitter:data1\" content=\"2 minutes\" \/>\n<script type=\"application\/ld+json\" class=\"yoast-schema-graph\">{\"@context\":\"https:\/\/schema.org\",\"@graph\":[{\"@type\":\"WebPage\",\"@id\":\"https:\/\/donar.ir\/az\/product\/donar-elektrikli-su-qizdiricisi-modeli-dew100c\/\",\"url\":\"https:\/\/donar.ir\/az\/product\/donar-elektrikli-su-qizdiricisi-modeli-dew100c\/\",\"name\":\"Donar elektrikli su q\u0131zd\u0131r\u0131c\u0131s\u0131 modeli DEW100C - \u062f\u0648\u0646\u0627\u0631\",\"isPartOf\":{\"@id\":\"https:\/\/donar.ir\/#website\"},\"primaryImageOfPage\":{\"@id\":\"https:\/\/donar.ir\/az\/product\/donar-elektrikli-su-qizdiricisi-modeli-dew100c\/#primaryimage\"},\"image\":{\"@id\":\"https:\/\/donar.ir\/az\/product\/donar-elektrikli-su-qizdiricisi-modeli-dew100c\/#primaryimage\"},\"thumbnailUrl\":\"https:\/\/donar.ir\/wp-content\/uploads\/2024\/02\/2147483648_-210375.jpg\",\"datePublished\":\"2024-06-12T11:26:08+00:00\",\"dateModified\":\"2024-06-12T11:26:10+00:00\",\"breadcrumb\":{\"@id\":\"https:\/\/donar.ir\/az\/product\/donar-elektrikli-su-qizdiricisi-modeli-dew100c\/#breadcrumb\"},\"inLanguage\":\"az\",\"potentialAction\":[{\"@type\":\"ReadAction\",\"target\":[\"https:\/\/donar.ir\/az\/product\/donar-elektrikli-su-qizdiricisi-modeli-dew100c\/\"]}]},{\"@type\":\"ImageObject\",\"inLanguage\":\"az\",\"@id\":\"https:\/\/donar.ir\/az\/product\/donar-elektrikli-su-qizdiricisi-modeli-dew100c\/#primaryimage\",\"url\":\"https:\/\/donar.ir\/wp-content\/uploads\/2024\/02\/2147483648_-210375.jpg\",\"contentUrl\":\"https:\/\/donar.ir\/wp-content\/uploads\/2024\/02\/2147483648_-210375.jpg\",\"width\":800,\"height\":800,\"caption\":\"\u0622\u0628\u06af\u0631\u0645\u06a9\u0646 \u0628\u0631\u0642\u06cc \u062f\u0648\u0646\u0627\u0631\"},{\"@type\":\"BreadcrumbList\",\"@id\":\"https:\/\/donar.ir\/az\/product\/donar-elektrikli-su-qizdiricisi-modeli-dew100c\/#breadcrumb\",\"itemListElement\":[{\"@type\":\"ListItem\",\"position\":1,\"name\":\"\u062e\u0627\u0646\u0647\",\"item\":\"https:\/\/donar.ir\/az\/\"},{\"@type\":\"ListItem\",\"position\":2,\"name\":\"\u0641\u0631\u0648\u0634\u06af\u0627\u0647\",\"item\":\"https:\/\/donar.ir\/shop\/\"},{\"@type\":\"ListItem\",\"position\":3,\"name\":\"Donar elektrikli su q\u0131zd\u0131r\u0131c\u0131s\u0131 modeli DEW100C\"}]},{\"@type\":\"WebSite\",\"@id\":\"https:\/\/donar.ir\/#website\",\"url\":\"https:\/\/donar.ir\/\",\"name\":\"\u062f\u0648\u0646\u0627\u0631\",\"description\":\"\u062a\u0648\u0644\u06cc\u062f \u06a9\u0646\u0646\u062f\u0647 \u0644\u0648\u0627\u0632\u0645 \u062e\u0627\u0646\u06af\u06cc\",\"potentialAction\":[{\"@type\":\"SearchAction\",\"target\":{\"@type\":\"EntryPoint\",\"urlTemplate\":\"https:\/\/donar.ir\/?s={search_term_string}\"},\"query-input\":\"required name=search_term_string\"}],\"inLanguage\":\"az\"}]}<\/script>\n<!-- \/ Yoast SEO plugin. -->","yoast_head_json":{"title":"Donar elektrikli su q\u0131zd\u0131r\u0131c\u0131s\u0131 modeli DEW100C - \u062f\u0648\u0646\u0627\u0631","robots":{"index":"index","follow":"follow","max-snippet":"max-snippet:-1","max-image-preview":"max-image-preview:large","max-video-preview":"max-video-preview:-1"},"canonical":"https:\/\/donar.ir\/az\/product\/donar-elektrikli-su-qizdiricisi-modeli-dew100c\/","og_locale":"az_AZ","og_type":"article","og_title":"Donar elektrikli su q\u0131zd\u0131r\u0131c\u0131s\u0131 modeli DEW100C - \u062f\u0648\u0646\u0627\u0631","og_description":"Donar 100A elektrik su q\u0131zd\u0131r\u0131c\u0131s\u0131 \u0130randa ilk d\u0259f\u0259 Donarakhzer \u015firk\u0259ti t\u0259r\u0259find\u0259n 49506 patent qeydiyyat n\u00f6mr\u0259si il\u0259 v\u0259 onun imtiyaz\u0131 20","og_url":"https:\/\/donar.ir\/az\/product\/donar-elektrikli-su-qizdiricisi-modeli-dew100c\/","og_site_name":"\u062f\u0648\u0646\u0627\u0631","article_modified_time":"2024-06-12T11:26:10+00:00","og_image":[{"width":800,"height":800,"url":"https:\/\/donar.ir\/wp-content\/uploads\/2024\/02\/2147483648_-210375.jpg","type":"image\/jpeg"}],"twitter_card":"summary_large_image","twitter_misc":{"Est. reading time":"2 minutes"},"schema":{"@context":"https:\/\/schema.org","@graph":[{"@type":"WebPage","@id":"https:\/\/donar.ir\/az\/product\/donar-elektrikli-su-qizdiricisi-modeli-dew100c\/","url":"https:\/\/donar.ir\/az\/product\/donar-elektrikli-su-qizdiricisi-modeli-dew100c\/","name":"Donar elektrikli su q\u0131zd\u0131r\u0131c\u0131s\u0131 modeli DEW100C - \u062f\u0648\u0646\u0627\u0631","isPartOf":{"@id":"https:\/\/donar.ir\/#website"},"primaryImageOfPage":{"@id":"https:\/\/donar.ir\/az\/product\/donar-elektrikli-su-qizdiricisi-modeli-dew100c\/#primaryimage"},"image":{"@id":"https:\/\/donar.ir\/az\/product\/donar-elektrikli-su-qizdiricisi-modeli-dew100c\/#primaryimage"},"thumbnailUrl":"https:\/\/donar.ir\/wp-content\/uploads\/2024\/02\/2147483648_-210375.jpg","datePublished":"2024-06-12T11:26:08+00:00","dateModified":"2024-06-12T11:26:10+00:00","breadcrumb":{"@id":"https:\/\/donar.ir\/az\/product\/donar-elektrikli-su-qizdiricisi-modeli-dew100c\/#breadcrumb"},"inLanguage":"az","potentialAction":[{"@type":"ReadAction","target":["https:\/\/donar.ir\/az\/product\/donar-elektrikli-su-qizdiricisi-modeli-dew100c\/"]}]},{"@type":"ImageObject","inLanguage":"az","@id":"https:\/\/donar.ir\/az\/product\/donar-elektrikli-su-qizdiricisi-modeli-dew100c\/#primaryimage","url":"https:\/\/donar.ir\/wp-content\/uploads\/2024\/02\/2147483648_-210375.jpg","contentUrl":"https:\/\/donar.ir\/wp-content\/uploads\/2024\/02\/2147483648_-210375.jpg","width":800,"height":800,"caption":"\u0622\u0628\u06af\u0631\u0645\u06a9\u0646 \u0628\u0631\u0642\u06cc \u062f\u0648\u0646\u0627\u0631"},{"@type":"BreadcrumbList","@id":"https:\/\/donar.ir\/az\/product\/donar-elektrikli-su-qizdiricisi-modeli-dew100c\/#breadcrumb","itemListElement":[{"@type":"ListItem","position":1,"name":"\u062e\u0627\u0646\u0647","item":"https:\/\/donar.ir\/az\/"},{"@type":"ListItem","position":2,"name":"\u0641\u0631\u0648\u0634\u06af\u0627\u0647","item":"https:\/\/donar.ir\/shop\/"},{"@type":"ListItem","position":3,"name":"Donar elektrikli su q\u0131zd\u0131r\u0131c\u0131s\u0131 modeli DEW100C"}]},{"@type":"WebSite","@id":"https:\/\/donar.ir\/#website","url":"https:\/\/donar.ir\/","name":"\u062f\u0648\u0646\u0627\u0631","description":"\u062a\u0648\u0644\u06cc\u062f \u06a9\u0646\u0646\u062f\u0647 \u0644\u0648\u0627\u0632\u0645 \u062e\u0627\u0646\u06af\u06cc","potentialAction":[{"@type":"SearchAction","target":{"@type":"EntryPoint","urlTemplate":"https:\/\/donar.ir\/?s={search_term_string}"},"query-input":"required name=search_term_string"}],"inLanguage":"az"}]}},"_links":{"self":[{"href":"https:\/\/donar.ir\/az\/wp-json\/wp\/v2\/product\/9657"}],"collection":[{"href":"https:\/\/donar.ir\/az\/wp-json\/wp\/v2\/product"}],"about":[{"href":"https:\/\/donar.ir\/az\/wp-json\/wp\/v2\/types\/product"}],"replies":[{"embeddable":true,"href":"https:\/\/donar.ir\/az\/wp-json\/wp\/v2\/comments?post=9657"}],"wp:featuredmedia":[{"embeddable":true,"href":"https:\/\/donar.ir\/az\/wp-json\/wp\/v2\/media\/6890"}],"wp:attachment":[{"href":"https:\/\/donar.ir\/az\/wp-json\/wp\/v2\/media?parent=9657"}],"wp:term":[{"taxonomy":"product_cat","embeddable":true,"href":"https:\/\/donar.ir\/az\/wp-json\/wp\/v2\/product_cat?post=9657"},{"taxonomy":"product_tag","embeddable":true,"href":"https:\/\/donar.ir\/az\/wp-json\/wp\/v2\/product_tag?post=9657"}],"curies":[{"name":"wp","href":"https:\/\/api.w.org\/{rel}","templated":true}]}}