{"id":9652,"date":"2021-03-03T16:38:05","date_gmt":"2021-03-03T13:08:05","guid":{"rendered":"https:\/\/donar.ir\/product\/s%c9%99h%c9%99nd-modeli-qaz-peci\/"},"modified":"2021-03-03T16:38:05","modified_gmt":"2021-03-03T13:08:05","slug":"s%c9%99h%c9%99nd-modeli-qaz-peci","status":"publish","type":"product","link":"https:\/\/donar.ir\/az\/product\/s%c9%99h%c9%99nd-modeli-qaz-peci\/","title":{"rendered":"S\u0259h\u0259nd modeli qaz pe\u00e7i"},"content":{"rendered":"<p dir=\"ltr\" style=\"text-align: left;\">Sahand Donar qaz q\u0131zd\u0131r\u0131c\u0131s\u0131 var:<br \/>\nHava oksigenini a\u015fkar etm\u0259k \u00fc\u00e7\u00fcn ODS sistemi il\u0259 t\u0259chiz edilmi\u015fdir<br \/>\nQ\u0131r\u0131lmayan temperli \u015f\u00fc\u015f\u0259si var<br \/>\nBa\u015fl\u0131q d\u0259yi\u015fdiril\u0259r\u0259k \u015f\u0259h\u0259r qaz\u0131 v\u0259 maye qazla istifad\u0259 oluna bil\u0259r<br \/>\n\u0130ran milli standart\u0131 v\u0259 Avropa CE standart\u0131na malikdir<br \/>\nqubernatorla (qaz t\u0259zyiqinin t\u0259nziml\u0259nm\u0259si)<br \/>\nH\u0259r n\u00f6v g\u00f6z\u0259l v\u0259 m\u00fcxt\u0259lif r\u0259ngl\u0259r v\u0259 ip\u0259kl\u0259r<\/p>\n","protected":false},"excerpt":{"rendered":"<p>Sahand Donar qaz q\u0131zd\u0131r\u0131c\u0131s\u0131 var: Hava oksigenini a\u015fkar etm\u0259k \u00fc\u00e7\u00fcn ODS sistemi il\u0259 t\u0259chiz edilmi\u015fdir Q\u0131r\u0131lmayan temperli \u015f\u00fc\u015f\u0259si var Ba\u015fl\u0131q<\/p>\n","protected":false},"featured_media":7465,"comment_status":"open","ping_status":"closed","template":"","meta":[],"product_cat":[279],"product_tag":[291,352,361,369],"yoast_head":"<!-- This site is optimized with the Yoast SEO plugin v22.8 - https:\/\/yoast.com\/wordpress\/plugins\/seo\/ -->\n<title>S\u0259h\u0259nd modeli qaz pe\u00e7i<\/title>\n<meta name=\"description\" content=\"Asanl\u0131qla v\u0259 tez al\u0131n! Sahand Donara qaz q\u0131zd\u0131r\u0131c\u0131s\u0131n\u0131 onlayn kreditl\u0259 sifari\u015f edin v\u0259 el\u0259 indi kreditl\u0259 onlayn al\u0131\u015f-veri\u015fd\u0259n h\u0259zz al\u0131n.\" \/>\n<meta name=\"robots\" content=\"index, follow, max-snippet:-1, max-image-preview:large, max-video-preview:-1\" \/>\n<link rel=\"canonical\" href=\"https:\/\/donar.ir\/product\/\u0628\u062e\u0627\u0631\u06cc-\u06af\u0627\u0632\u0633\u0648\u0632-\u062f\u0648\u0646\u0627\u0631-\u0645\u062f\u0644-dgh1600s\/\" \/>\n<meta property=\"og:locale\" content=\"az_AZ\" \/>\n<meta property=\"og:type\" content=\"article\" \/>\n<meta property=\"og:title\" content=\"S\u0259h\u0259nd modeli qaz pe\u00e7i\" \/>\n<meta property=\"og:description\" content=\"Asanl\u0131qla v\u0259 tez al\u0131n! Sahand Donara qaz q\u0131zd\u0131r\u0131c\u0131s\u0131n\u0131 onlayn kreditl\u0259 sifari\u015f edin v\u0259 el\u0259 indi kreditl\u0259 onlayn al\u0131\u015f-veri\u015fd\u0259n h\u0259zz al\u0131n.\" \/>\n<meta property=\"og:url\" content=\"https:\/\/donar.ir\/product\/\u0628\u062e\u0627\u0631\u06cc-\u06af\u0627\u0632\u0633\u0648\u0632-\u062f\u0648\u0646\u0627\u0631-\u0645\u062f\u0644-dgh1600s\/\" \/>\n<meta property=\"og:site_name\" content=\"\u062f\u0648\u0646\u0627\u0631\" \/>\n<meta property=\"og:image\" content=\"https:\/\/donar.ir\/wp-content\/uploads\/2021\/03\/DGH-1600S.jpg\" \/>\n\t<meta property=\"og:image:width\" content=\"1000\" \/>\n\t<meta property=\"og:image:height\" content=\"1000\" \/>\n\t<meta property=\"og:image:type\" content=\"image\/jpeg\" \/>\n<meta name=\"twitter:card\" content=\"summary_large_image\" \/>\n<script type=\"application\/ld+json\" class=\"yoast-schema-graph\">{\"@context\":\"https:\/\/schema.org\",\"@graph\":[{\"@type\":\"WebPage\",\"@id\":\"https:\/\/donar.ir\/product\/%d8%a8%d8%ae%d8%a7%d8%b1%db%8c-%da%af%d8%a7%d8%b2%d8%b3%d9%88%d8%b2-%d8%af%d9%88%d9%86%d8%a7%d8%b1-%d9%85%d8%af%d9%84-dgh1600s\/\",\"url\":\"https:\/\/donar.ir\/product\/%d8%a8%d8%ae%d8%a7%d8%b1%db%8c-%da%af%d8%a7%d8%b2%d8%b3%d9%88%d8%b2-%d8%af%d9%88%d9%86%d8%a7%d8%b1-%d9%85%d8%af%d9%84-dgh1600s\/\",\"name\":\"S\u0259h\u0259nd modeli qaz pe\u00e7i\",\"isPartOf\":{\"@id\":\"https:\/\/donar.ir\/#website\"},\"primaryImageOfPage\":{\"@id\":\"https:\/\/donar.ir\/product\/%d8%a8%d8%ae%d8%a7%d8%b1%db%8c-%da%af%d8%a7%d8%b2%d8%b3%d9%88%d8%b2-%d8%af%d9%88%d9%86%d8%a7%d8%b1-%d9%85%d8%af%d9%84-dgh1600s\/#primaryimage\"},\"image\":{\"@id\":\"https:\/\/donar.ir\/product\/%d8%a8%d8%ae%d8%a7%d8%b1%db%8c-%da%af%d8%a7%d8%b2%d8%b3%d9%88%d8%b2-%d8%af%d9%88%d9%86%d8%a7%d8%b1-%d9%85%d8%af%d9%84-dgh1600s\/#primaryimage\"},\"thumbnailUrl\":\"https:\/\/donar.ir\/wp-content\/uploads\/2021\/03\/DGH-1600S.jpg\",\"datePublished\":\"2021-03-03T13:08:05+00:00\",\"dateModified\":\"2021-03-03T13:08:05+00:00\",\"description\":\"Asanl\u0131qla v\u0259 tez al\u0131n! Sahand Donara qaz q\u0131zd\u0131r\u0131c\u0131s\u0131n\u0131 onlayn kreditl\u0259 sifari\u015f edin v\u0259 el\u0259 indi kreditl\u0259 onlayn al\u0131\u015f-veri\u015fd\u0259n h\u0259zz al\u0131n.\",\"breadcrumb\":{\"@id\":\"https:\/\/donar.ir\/product\/%d8%a8%d8%ae%d8%a7%d8%b1%db%8c-%da%af%d8%a7%d8%b2%d8%b3%d9%88%d8%b2-%d8%af%d9%88%d9%86%d8%a7%d8%b1-%d9%85%d8%af%d9%84-dgh1600s\/#breadcrumb\"},\"inLanguage\":\"az\",\"potentialAction\":[{\"@type\":\"ReadAction\",\"target\":[\"https:\/\/donar.ir\/product\/%d8%a8%d8%ae%d8%a7%d8%b1%db%8c-%da%af%d8%a7%d8%b2%d8%b3%d9%88%d8%b2-%d8%af%d9%88%d9%86%d8%a7%d8%b1-%d9%85%d8%af%d9%84-dgh1600s\/\"]}]},{\"@type\":\"ImageObject\",\"inLanguage\":\"az\",\"@id\":\"https:\/\/donar.ir\/product\/%d8%a8%d8%ae%d8%a7%d8%b1%db%8c-%da%af%d8%a7%d8%b2%d8%b3%d9%88%d8%b2-%d8%af%d9%88%d9%86%d8%a7%d8%b1-%d9%85%d8%af%d9%84-dgh1600s\/#primaryimage\",\"url\":\"https:\/\/donar.ir\/wp-content\/uploads\/2021\/03\/DGH-1600S.jpg\",\"contentUrl\":\"https:\/\/donar.ir\/wp-content\/uploads\/2021\/03\/DGH-1600S.jpg\",\"width\":1000,\"height\":1000,\"caption\":\"S\u0259h\u0259nd modeli qaz pe\u00e7i\"},{\"@type\":\"BreadcrumbList\",\"@id\":\"https:\/\/donar.ir\/product\/%d8%a8%d8%ae%d8%a7%d8%b1%db%8c-%da%af%d8%a7%d8%b2%d8%b3%d9%88%d8%b2-%d8%af%d9%88%d9%86%d8%a7%d8%b1-%d9%85%d8%af%d9%84-dgh1600s\/#breadcrumb\",\"itemListElement\":[{\"@type\":\"ListItem\",\"position\":1,\"name\":\"\u062e\u0627\u0646\u0647\",\"item\":\"https:\/\/donar.ir\/az\/\"},{\"@type\":\"ListItem\",\"position\":2,\"name\":\"\u0641\u0631\u0648\u0634\u06af\u0627\u0647\",\"item\":\"https:\/\/donar.ir\/shop\/\"},{\"@type\":\"ListItem\",\"position\":3,\"name\":\"S\u0259h\u0259nd modeli qaz pe\u00e7i\"}]},{\"@type\":\"WebSite\",\"@id\":\"https:\/\/donar.ir\/#website\",\"url\":\"https:\/\/donar.ir\/\",\"name\":\"\u062f\u0648\u0646\u0627\u0631\",\"description\":\"\u062a\u0648\u0644\u06cc\u062f \u06a9\u0646\u0646\u062f\u0647 \u0644\u0648\u0627\u0632\u0645 \u062e\u0627\u0646\u06af\u06cc\",\"potentialAction\":[{\"@type\":\"SearchAction\",\"target\":{\"@type\":\"EntryPoint\",\"urlTemplate\":\"https:\/\/donar.ir\/?s={search_term_string}\"},\"query-input\":\"required name=search_term_string\"}],\"inLanguage\":\"az\"}]}<\/script>\n<!-- \/ Yoast SEO plugin. -->","yoast_head_json":{"title":"S\u0259h\u0259nd modeli qaz pe\u00e7i","description":"Asanl\u0131qla v\u0259 tez al\u0131n! Sahand Donara qaz q\u0131zd\u0131r\u0131c\u0131s\u0131n\u0131 onlayn kreditl\u0259 sifari\u015f edin v\u0259 el\u0259 indi kreditl\u0259 onlayn al\u0131\u015f-veri\u015fd\u0259n h\u0259zz al\u0131n.","robots":{"index":"index","follow":"follow","max-snippet":"max-snippet:-1","max-image-preview":"max-image-preview:large","max-video-preview":"max-video-preview:-1"},"canonical":"https:\/\/donar.ir\/product\/\u0628\u062e\u0627\u0631\u06cc-\u06af\u0627\u0632\u0633\u0648\u0632-\u062f\u0648\u0646\u0627\u0631-\u0645\u062f\u0644-dgh1600s\/","og_locale":"az_AZ","og_type":"article","og_title":"S\u0259h\u0259nd modeli qaz pe\u00e7i","og_description":"Asanl\u0131qla v\u0259 tez al\u0131n! Sahand Donara qaz q\u0131zd\u0131r\u0131c\u0131s\u0131n\u0131 onlayn kreditl\u0259 sifari\u015f edin v\u0259 el\u0259 indi kreditl\u0259 onlayn al\u0131\u015f-veri\u015fd\u0259n h\u0259zz al\u0131n.","og_url":"https:\/\/donar.ir\/product\/\u0628\u062e\u0627\u0631\u06cc-\u06af\u0627\u0632\u0633\u0648\u0632-\u062f\u0648\u0646\u0627\u0631-\u0645\u062f\u0644-dgh1600s\/","og_site_name":"\u062f\u0648\u0646\u0627\u0631","og_image":[{"width":1000,"height":1000,"url":"https:\/\/donar.ir\/wp-content\/uploads\/2021\/03\/DGH-1600S.jpg","type":"image\/jpeg"}],"twitter_card":"summary_large_image","schema":{"@context":"https:\/\/schema.org","@graph":[{"@type":"WebPage","@id":"https:\/\/donar.ir\/product\/%d8%a8%d8%ae%d8%a7%d8%b1%db%8c-%da%af%d8%a7%d8%b2%d8%b3%d9%88%d8%b2-%d8%af%d9%88%d9%86%d8%a7%d8%b1-%d9%85%d8%af%d9%84-dgh1600s\/","url":"https:\/\/donar.ir\/product\/%d8%a8%d8%ae%d8%a7%d8%b1%db%8c-%da%af%d8%a7%d8%b2%d8%b3%d9%88%d8%b2-%d8%af%d9%88%d9%86%d8%a7%d8%b1-%d9%85%d8%af%d9%84-dgh1600s\/","name":"S\u0259h\u0259nd modeli qaz pe\u00e7i","isPartOf":{"@id":"https:\/\/donar.ir\/#website"},"primaryImageOfPage":{"@id":"https:\/\/donar.ir\/product\/%d8%a8%d8%ae%d8%a7%d8%b1%db%8c-%da%af%d8%a7%d8%b2%d8%b3%d9%88%d8%b2-%d8%af%d9%88%d9%86%d8%a7%d8%b1-%d9%85%d8%af%d9%84-dgh1600s\/#primaryimage"},"image":{"@id":"https:\/\/donar.ir\/product\/%d8%a8%d8%ae%d8%a7%d8%b1%db%8c-%da%af%d8%a7%d8%b2%d8%b3%d9%88%d8%b2-%d8%af%d9%88%d9%86%d8%a7%d8%b1-%d9%85%d8%af%d9%84-dgh1600s\/#primaryimage"},"thumbnailUrl":"https:\/\/donar.ir\/wp-content\/uploads\/2021\/03\/DGH-1600S.jpg","datePublished":"2021-03-03T13:08:05+00:00","dateModified":"2021-03-03T13:08:05+00:00","description":"Asanl\u0131qla v\u0259 tez al\u0131n! Sahand Donara qaz q\u0131zd\u0131r\u0131c\u0131s\u0131n\u0131 onlayn kreditl\u0259 sifari\u015f edin v\u0259 el\u0259 indi kreditl\u0259 onlayn al\u0131\u015f-veri\u015fd\u0259n h\u0259zz al\u0131n.","breadcrumb":{"@id":"https:\/\/donar.ir\/product\/%d8%a8%d8%ae%d8%a7%d8%b1%db%8c-%da%af%d8%a7%d8%b2%d8%b3%d9%88%d8%b2-%d8%af%d9%88%d9%86%d8%a7%d8%b1-%d9%85%d8%af%d9%84-dgh1600s\/#breadcrumb"},"inLanguage":"az","potentialAction":[{"@type":"ReadAction","target":["https:\/\/donar.ir\/product\/%d8%a8%d8%ae%d8%a7%d8%b1%db%8c-%da%af%d8%a7%d8%b2%d8%b3%d9%88%d8%b2-%d8%af%d9%88%d9%86%d8%a7%d8%b1-%d9%85%d8%af%d9%84-dgh1600s\/"]}]},{"@type":"ImageObject","inLanguage":"az","@id":"https:\/\/donar.ir\/product\/%d8%a8%d8%ae%d8%a7%d8%b1%db%8c-%da%af%d8%a7%d8%b2%d8%b3%d9%88%d8%b2-%d8%af%d9%88%d9%86%d8%a7%d8%b1-%d9%85%d8%af%d9%84-dgh1600s\/#primaryimage","url":"https:\/\/donar.ir\/wp-content\/uploads\/2021\/03\/DGH-1600S.jpg","contentUrl":"https:\/\/donar.ir\/wp-content\/uploads\/2021\/03\/DGH-1600S.jpg","width":1000,"height":1000,"caption":"S\u0259h\u0259nd modeli qaz pe\u00e7i"},{"@type":"BreadcrumbList","@id":"https:\/\/donar.ir\/product\/%d8%a8%d8%ae%d8%a7%d8%b1%db%8c-%da%af%d8%a7%d8%b2%d8%b3%d9%88%d8%b2-%d8%af%d9%88%d9%86%d8%a7%d8%b1-%d9%85%d8%af%d9%84-dgh1600s\/#breadcrumb","itemListElement":[{"@type":"ListItem","position":1,"name":"\u062e\u0627\u0646\u0647","item":"https:\/\/donar.ir\/az\/"},{"@type":"ListItem","position":2,"name":"\u0641\u0631\u0648\u0634\u06af\u0627\u0647","item":"https:\/\/donar.ir\/shop\/"},{"@type":"ListItem","position":3,"name":"S\u0259h\u0259nd modeli qaz pe\u00e7i"}]},{"@type":"WebSite","@id":"https:\/\/donar.ir\/#website","url":"https:\/\/donar.ir\/","name":"\u062f\u0648\u0646\u0627\u0631","description":"\u062a\u0648\u0644\u06cc\u062f \u06a9\u0646\u0646\u062f\u0647 \u0644\u0648\u0627\u0632\u0645 \u062e\u0627\u0646\u06af\u06cc","potentialAction":[{"@type":"SearchAction","target":{"@type":"EntryPoint","urlTemplate":"https:\/\/donar.ir\/?s={search_term_string}"},"query-input":"required name=search_term_string"}],"inLanguage":"az"}]}},"_links":{"self":[{"href":"https:\/\/donar.ir\/az\/wp-json\/wp\/v2\/product\/9652"}],"collection":[{"href":"https:\/\/donar.ir\/az\/wp-json\/wp\/v2\/product"}],"about":[{"href":"https:\/\/donar.ir\/az\/wp-json\/wp\/v2\/types\/product"}],"replies":[{"embeddable":true,"href":"https:\/\/donar.ir\/az\/wp-json\/wp\/v2\/comments?post=9652"}],"wp:featuredmedia":[{"embeddable":true,"href":"https:\/\/donar.ir\/az\/wp-json\/wp\/v2\/media\/7465"}],"wp:attachment":[{"href":"https:\/\/donar.ir\/az\/wp-json\/wp\/v2\/media?parent=9652"}],"wp:term":[{"taxonomy":"product_cat","embeddable":true,"href":"https:\/\/donar.ir\/az\/wp-json\/wp\/v2\/product_cat?post=9652"},{"taxonomy":"product_tag","embeddable":true,"href":"https:\/\/donar.ir\/az\/wp-json\/wp\/v2\/product_tag?post=9652"}],"curies":[{"name":"wp","href":"https:\/\/api.w.org\/{rel}","templated":true}]}}