{"id":9637,"date":"2023-12-13T06:49:22","date_gmt":"2023-12-13T03:19:22","guid":{"rendered":"https:\/\/donar.ir\/product\/somine-3000-prince-classic\/"},"modified":"2023-12-13T06:49:22","modified_gmt":"2023-12-13T03:19:22","slug":"somine-3000-prince-classic","status":"publish","type":"product","link":"https:\/\/donar.ir\/az\/product\/somine-3000-prince-classic\/","title":{"rendered":"\u015e\u00f6mine 3000 Prince Classic"},"content":{"rendered":"<p dir=\"ltr\" style=\"text-align: left;\">Prince 3000 \u015f\u00f6minesi var:<br \/>\nHava oksigenini a\u015fkar etm\u0259k \u00fc\u00e7\u00fcn ODS sistemi il\u0259 t\u0259chiz edilmi\u015fdir<br \/>\nQ\u0131r\u0131lmayan temperli \u015f\u00fc\u015f\u0259si var<br \/>\nBa\u015fl\u0131q d\u0259yi\u015fdiril\u0259r\u0259k \u015f\u0259h\u0259r qaz\u0131 v\u0259 maye qazla istifad\u0259 oluna bil\u0259r<br \/>\n\u0130ran milli standart\u0131 v\u0259 Avropa CE standart\u0131na malikdir<br \/>\nqubernatorla (qaz t\u0259zyiqinin t\u0259nziml\u0259nm\u0259si)<br \/>\nH\u0259r n\u00f6v g\u00f6z\u0259l v\u0259 m\u00fcxt\u0259lif r\u0259ngl\u0259r v\u0259 ip\u0259kl\u0259r<\/p>\n","protected":false},"excerpt":{"rendered":"<p>Prince 3000 \u015f\u00f6minesi var: Hava oksigenini a\u015fkar etm\u0259k \u00fc\u00e7\u00fcn ODS sistemi il\u0259 t\u0259chiz edilmi\u015fdir Q\u0131r\u0131lmayan temperli \u015f\u00fc\u015f\u0259si var Ba\u015fl\u0131q d\u0259yi\u015fdiril\u0259r\u0259k<\/p>\n","protected":false},"featured_media":7404,"comment_status":"open","ping_status":"closed","template":"","meta":[],"product_cat":[279],"product_tag":[358,291,350,360,359],"yoast_head":"<!-- This site is optimized with the Yoast SEO plugin v22.8 - https:\/\/yoast.com\/wordpress\/plugins\/seo\/ -->\n<title>\u015e\u00f6mine 3000 \u015eahzad\u0259<\/title>\n<meta name=\"description\" content=\"Asanl\u0131qla v\u0259 tez al\u0131n! Kredit v\u0259 onlayn \u00f6d\u0259m\u0259 il\u0259 3000 Prince Donara kamini sifari\u015f edin v\u0259 kreditl\u0259 onlayn al\u0131\u015f-veri\u015fd\u0259n h\u0259zz al\u0131n.\" \/>\n<meta name=\"robots\" content=\"index, follow, max-snippet:-1, max-image-preview:large, max-video-preview:-1\" \/>\n<link rel=\"canonical\" href=\"https:\/\/donar.ir\/product\/\u0634\u0648\u0645\u06cc\u0646\u06473000\u067e\u0631\u0646\u0633-\u06a9\u0644\u0627\u0633\u06cc\u06a9\/\" \/>\n<meta property=\"og:locale\" content=\"az_AZ\" \/>\n<meta property=\"og:type\" content=\"article\" \/>\n<meta property=\"og:title\" content=\"\u015e\u00f6mine 3000 \u015eahzad\u0259\" \/>\n<meta property=\"og:description\" content=\"Asanl\u0131qla v\u0259 tez al\u0131n! Kredit v\u0259 onlayn \u00f6d\u0259m\u0259 il\u0259 3000 Prince Donara kamini sifari\u015f edin v\u0259 kreditl\u0259 onlayn al\u0131\u015f-veri\u015fd\u0259n h\u0259zz al\u0131n.\" \/>\n<meta property=\"og:url\" content=\"https:\/\/donar.ir\/product\/\u0634\u0648\u0645\u06cc\u0646\u06473000\u067e\u0631\u0646\u0633-\u06a9\u0644\u0627\u0633\u06cc\u06a9\/\" \/>\n<meta property=\"og:site_name\" content=\"\u062f\u0648\u0646\u0627\u0631\" \/>\n<meta property=\"og:image\" content=\"https:\/\/donar.ir\/wp-content\/uploads\/2023\/12\/Untitled-m.jpg\" \/>\n\t<meta property=\"og:image:width\" content=\"1000\" \/>\n\t<meta property=\"og:image:height\" content=\"1000\" \/>\n\t<meta property=\"og:image:type\" content=\"image\/jpeg\" \/>\n<meta name=\"twitter:card\" content=\"summary_large_image\" \/>\n<script type=\"application\/ld+json\" class=\"yoast-schema-graph\">{\"@context\":\"https:\/\/schema.org\",\"@graph\":[{\"@type\":\"WebPage\",\"@id\":\"https:\/\/donar.ir\/product\/%d8%b4%d9%88%d9%85%db%8c%d9%86%d9%873000%d9%be%d8%b1%d9%86%d8%b3-%da%a9%d9%84%d8%a7%d8%b3%db%8c%da%a9\/\",\"url\":\"https:\/\/donar.ir\/product\/%d8%b4%d9%88%d9%85%db%8c%d9%86%d9%873000%d9%be%d8%b1%d9%86%d8%b3-%da%a9%d9%84%d8%a7%d8%b3%db%8c%da%a9\/\",\"name\":\"\u015e\u00f6mine 3000 \u015eahzad\u0259\",\"isPartOf\":{\"@id\":\"https:\/\/donar.ir\/#website\"},\"primaryImageOfPage\":{\"@id\":\"https:\/\/donar.ir\/product\/%d8%b4%d9%88%d9%85%db%8c%d9%86%d9%873000%d9%be%d8%b1%d9%86%d8%b3-%da%a9%d9%84%d8%a7%d8%b3%db%8c%da%a9\/#primaryimage\"},\"image\":{\"@id\":\"https:\/\/donar.ir\/product\/%d8%b4%d9%88%d9%85%db%8c%d9%86%d9%873000%d9%be%d8%b1%d9%86%d8%b3-%da%a9%d9%84%d8%a7%d8%b3%db%8c%da%a9\/#primaryimage\"},\"thumbnailUrl\":\"https:\/\/donar.ir\/wp-content\/uploads\/2023\/12\/Untitled-m.jpg\",\"datePublished\":\"2023-12-13T03:19:22+00:00\",\"dateModified\":\"2023-12-13T03:19:22+00:00\",\"description\":\"Asanl\u0131qla v\u0259 tez al\u0131n! Kredit v\u0259 onlayn \u00f6d\u0259m\u0259 il\u0259 3000 Prince Donara kamini sifari\u015f edin v\u0259 kreditl\u0259 onlayn al\u0131\u015f-veri\u015fd\u0259n h\u0259zz al\u0131n.\",\"breadcrumb\":{\"@id\":\"https:\/\/donar.ir\/product\/%d8%b4%d9%88%d9%85%db%8c%d9%86%d9%873000%d9%be%d8%b1%d9%86%d8%b3-%da%a9%d9%84%d8%a7%d8%b3%db%8c%da%a9\/#breadcrumb\"},\"inLanguage\":\"az\",\"potentialAction\":[{\"@type\":\"ReadAction\",\"target\":[\"https:\/\/donar.ir\/product\/%d8%b4%d9%88%d9%85%db%8c%d9%86%d9%873000%d9%be%d8%b1%d9%86%d8%b3-%da%a9%d9%84%d8%a7%d8%b3%db%8c%da%a9\/\"]}]},{\"@type\":\"ImageObject\",\"inLanguage\":\"az\",\"@id\":\"https:\/\/donar.ir\/product\/%d8%b4%d9%88%d9%85%db%8c%d9%86%d9%873000%d9%be%d8%b1%d9%86%d8%b3-%da%a9%d9%84%d8%a7%d8%b3%db%8c%da%a9\/#primaryimage\",\"url\":\"https:\/\/donar.ir\/wp-content\/uploads\/2023\/12\/Untitled-m.jpg\",\"contentUrl\":\"https:\/\/donar.ir\/wp-content\/uploads\/2023\/12\/Untitled-m.jpg\",\"width\":1000,\"height\":1000,\"caption\":\"\u015e\u00f6mine 3000 \u015eahzad\u0259\"},{\"@type\":\"BreadcrumbList\",\"@id\":\"https:\/\/donar.ir\/product\/%d8%b4%d9%88%d9%85%db%8c%d9%86%d9%873000%d9%be%d8%b1%d9%86%d8%b3-%da%a9%d9%84%d8%a7%d8%b3%db%8c%da%a9\/#breadcrumb\",\"itemListElement\":[{\"@type\":\"ListItem\",\"position\":1,\"name\":\"\u062e\u0627\u0646\u0647\",\"item\":\"https:\/\/donar.ir\/az\/\"},{\"@type\":\"ListItem\",\"position\":2,\"name\":\"\u0641\u0631\u0648\u0634\u06af\u0627\u0647\",\"item\":\"https:\/\/donar.ir\/shop\/\"},{\"@type\":\"ListItem\",\"position\":3,\"name\":\"\u015e\u00f6mine 3000 Prince Classic\"}]},{\"@type\":\"WebSite\",\"@id\":\"https:\/\/donar.ir\/#website\",\"url\":\"https:\/\/donar.ir\/\",\"name\":\"\u062f\u0648\u0646\u0627\u0631\",\"description\":\"\u062a\u0648\u0644\u06cc\u062f \u06a9\u0646\u0646\u062f\u0647 \u0644\u0648\u0627\u0632\u0645 \u062e\u0627\u0646\u06af\u06cc\",\"potentialAction\":[{\"@type\":\"SearchAction\",\"target\":{\"@type\":\"EntryPoint\",\"urlTemplate\":\"https:\/\/donar.ir\/?s={search_term_string}\"},\"query-input\":\"required name=search_term_string\"}],\"inLanguage\":\"az\"}]}<\/script>\n<!-- \/ Yoast SEO plugin. -->","yoast_head_json":{"title":"\u015e\u00f6mine 3000 \u015eahzad\u0259","description":"Asanl\u0131qla v\u0259 tez al\u0131n! Kredit v\u0259 onlayn \u00f6d\u0259m\u0259 il\u0259 3000 Prince Donara kamini sifari\u015f edin v\u0259 kreditl\u0259 onlayn al\u0131\u015f-veri\u015fd\u0259n h\u0259zz al\u0131n.","robots":{"index":"index","follow":"follow","max-snippet":"max-snippet:-1","max-image-preview":"max-image-preview:large","max-video-preview":"max-video-preview:-1"},"canonical":"https:\/\/donar.ir\/product\/\u0634\u0648\u0645\u06cc\u0646\u06473000\u067e\u0631\u0646\u0633-\u06a9\u0644\u0627\u0633\u06cc\u06a9\/","og_locale":"az_AZ","og_type":"article","og_title":"\u015e\u00f6mine 3000 \u015eahzad\u0259","og_description":"Asanl\u0131qla v\u0259 tez al\u0131n! Kredit v\u0259 onlayn \u00f6d\u0259m\u0259 il\u0259 3000 Prince Donara kamini sifari\u015f edin v\u0259 kreditl\u0259 onlayn al\u0131\u015f-veri\u015fd\u0259n h\u0259zz al\u0131n.","og_url":"https:\/\/donar.ir\/product\/\u0634\u0648\u0645\u06cc\u0646\u06473000\u067e\u0631\u0646\u0633-\u06a9\u0644\u0627\u0633\u06cc\u06a9\/","og_site_name":"\u062f\u0648\u0646\u0627\u0631","og_image":[{"width":1000,"height":1000,"url":"https:\/\/donar.ir\/wp-content\/uploads\/2023\/12\/Untitled-m.jpg","type":"image\/jpeg"}],"twitter_card":"summary_large_image","schema":{"@context":"https:\/\/schema.org","@graph":[{"@type":"WebPage","@id":"https:\/\/donar.ir\/product\/%d8%b4%d9%88%d9%85%db%8c%d9%86%d9%873000%d9%be%d8%b1%d9%86%d8%b3-%da%a9%d9%84%d8%a7%d8%b3%db%8c%da%a9\/","url":"https:\/\/donar.ir\/product\/%d8%b4%d9%88%d9%85%db%8c%d9%86%d9%873000%d9%be%d8%b1%d9%86%d8%b3-%da%a9%d9%84%d8%a7%d8%b3%db%8c%da%a9\/","name":"\u015e\u00f6mine 3000 \u015eahzad\u0259","isPartOf":{"@id":"https:\/\/donar.ir\/#website"},"primaryImageOfPage":{"@id":"https:\/\/donar.ir\/product\/%d8%b4%d9%88%d9%85%db%8c%d9%86%d9%873000%d9%be%d8%b1%d9%86%d8%b3-%da%a9%d9%84%d8%a7%d8%b3%db%8c%da%a9\/#primaryimage"},"image":{"@id":"https:\/\/donar.ir\/product\/%d8%b4%d9%88%d9%85%db%8c%d9%86%d9%873000%d9%be%d8%b1%d9%86%d8%b3-%da%a9%d9%84%d8%a7%d8%b3%db%8c%da%a9\/#primaryimage"},"thumbnailUrl":"https:\/\/donar.ir\/wp-content\/uploads\/2023\/12\/Untitled-m.jpg","datePublished":"2023-12-13T03:19:22+00:00","dateModified":"2023-12-13T03:19:22+00:00","description":"Asanl\u0131qla v\u0259 tez al\u0131n! Kredit v\u0259 onlayn \u00f6d\u0259m\u0259 il\u0259 3000 Prince Donara kamini sifari\u015f edin v\u0259 kreditl\u0259 onlayn al\u0131\u015f-veri\u015fd\u0259n h\u0259zz al\u0131n.","breadcrumb":{"@id":"https:\/\/donar.ir\/product\/%d8%b4%d9%88%d9%85%db%8c%d9%86%d9%873000%d9%be%d8%b1%d9%86%d8%b3-%da%a9%d9%84%d8%a7%d8%b3%db%8c%da%a9\/#breadcrumb"},"inLanguage":"az","potentialAction":[{"@type":"ReadAction","target":["https:\/\/donar.ir\/product\/%d8%b4%d9%88%d9%85%db%8c%d9%86%d9%873000%d9%be%d8%b1%d9%86%d8%b3-%da%a9%d9%84%d8%a7%d8%b3%db%8c%da%a9\/"]}]},{"@type":"ImageObject","inLanguage":"az","@id":"https:\/\/donar.ir\/product\/%d8%b4%d9%88%d9%85%db%8c%d9%86%d9%873000%d9%be%d8%b1%d9%86%d8%b3-%da%a9%d9%84%d8%a7%d8%b3%db%8c%da%a9\/#primaryimage","url":"https:\/\/donar.ir\/wp-content\/uploads\/2023\/12\/Untitled-m.jpg","contentUrl":"https:\/\/donar.ir\/wp-content\/uploads\/2023\/12\/Untitled-m.jpg","width":1000,"height":1000,"caption":"\u015e\u00f6mine 3000 \u015eahzad\u0259"},{"@type":"BreadcrumbList","@id":"https:\/\/donar.ir\/product\/%d8%b4%d9%88%d9%85%db%8c%d9%86%d9%873000%d9%be%d8%b1%d9%86%d8%b3-%da%a9%d9%84%d8%a7%d8%b3%db%8c%da%a9\/#breadcrumb","itemListElement":[{"@type":"ListItem","position":1,"name":"\u062e\u0627\u0646\u0647","item":"https:\/\/donar.ir\/az\/"},{"@type":"ListItem","position":2,"name":"\u0641\u0631\u0648\u0634\u06af\u0627\u0647","item":"https:\/\/donar.ir\/shop\/"},{"@type":"ListItem","position":3,"name":"\u015e\u00f6mine 3000 Prince Classic"}]},{"@type":"WebSite","@id":"https:\/\/donar.ir\/#website","url":"https:\/\/donar.ir\/","name":"\u062f\u0648\u0646\u0627\u0631","description":"\u062a\u0648\u0644\u06cc\u062f \u06a9\u0646\u0646\u062f\u0647 \u0644\u0648\u0627\u0632\u0645 \u062e\u0627\u0646\u06af\u06cc","potentialAction":[{"@type":"SearchAction","target":{"@type":"EntryPoint","urlTemplate":"https:\/\/donar.ir\/?s={search_term_string}"},"query-input":"required name=search_term_string"}],"inLanguage":"az"}]}},"_links":{"self":[{"href":"https:\/\/donar.ir\/az\/wp-json\/wp\/v2\/product\/9637"}],"collection":[{"href":"https:\/\/donar.ir\/az\/wp-json\/wp\/v2\/product"}],"about":[{"href":"https:\/\/donar.ir\/az\/wp-json\/wp\/v2\/types\/product"}],"replies":[{"embeddable":true,"href":"https:\/\/donar.ir\/az\/wp-json\/wp\/v2\/comments?post=9637"}],"wp:featuredmedia":[{"embeddable":true,"href":"https:\/\/donar.ir\/az\/wp-json\/wp\/v2\/media\/7404"}],"wp:attachment":[{"href":"https:\/\/donar.ir\/az\/wp-json\/wp\/v2\/media?parent=9637"}],"wp:term":[{"taxonomy":"product_cat","embeddable":true,"href":"https:\/\/donar.ir\/az\/wp-json\/wp\/v2\/product_cat?post=9637"},{"taxonomy":"product_tag","embeddable":true,"href":"https:\/\/donar.ir\/az\/wp-json\/wp\/v2\/product_tag?post=9637"}],"curies":[{"name":"wp","href":"https:\/\/api.w.org\/{rel}","templated":true}]}}