{"id":9623,"date":"2021-03-03T16:37:42","date_gmt":"2021-03-03T13:07:42","guid":{"rendered":"https:\/\/donar.ir\/product\/dauphin-su-soyuducu-modeli-m3400\/"},"modified":"2021-03-03T16:37:42","modified_gmt":"2021-03-03T13:07:42","slug":"dauphin-su-soyuducu-modeli-m3400","status":"publish","type":"product","link":"https:\/\/donar.ir\/az\/product\/dauphin-su-soyuducu-modeli-m3400\/","title":{"rendered":"Dauphin su soyuducu modeli M3400"},"content":{"rendered":"<p dir=\"ltr\" style=\"text-align: left;\">Donar ikili ventilyator soyuducu \u0130randa ilk d\u0259f\u0259 olaraq Donar Khazar \u015firk\u0259ti t\u0259r\u0259find\u0259n 38337 n\u00f6mr\u0259li patent qeydiyyat\u0131 alt\u0131ndad\u0131r v\u0259 onun imtiyaz\u0131 20 il ard\u0131c\u0131l olaraq m\u00fcst\u0259sna olaraq Donar \u015firk\u0259tin\u0259 m\u0259xsusdur. Bu m\u0259hsulun sur\u0259tinin \u00e7\u0131xar\u0131lmas\u0131 t\u0259qib edilir.<br \/>\nBu m\u0259hsul var:<br \/>\nQal\u0131n \u00f6rt\u00fckl\u00fc sinkl\u0259nmi\u015f t\u0259b\u0259q\u0259<br \/>\nT\u0259hl\u00fck\u0259sizlik a\u00e7ar\u0131 var<br \/>\nY\u00fcks\u0259k keyfiyy\u0259tli \u00f6rt\u00fckd\u0259n istifad\u0259 ed\u0259r\u0259k y\u00fcks\u0259k soyutma s\u0259m\u0259r\u0259liliyi<br \/>\nElektrostatik boya \u00f6rt\u00fcy\u00fc<br \/>\nG\u00f6z\u0259l dizaynl\u0131 panel\u0259 malikdir<br \/>\n\u0130ki havaland\u0131rma \u00e7\u0131x\u0131\u015f\u0131<br \/>\nM\u00fcxt\u0259lif istiqam\u0259tl\u0259rd\u0259 k\u00fcl\u0259yin \u00e7\u0131x\u0131\u015f\u0131 \u00fc\u00e7\u00fcn t\u0259nziml\u0259n\u0259n damperl\u0259 t\u0259chiz edilmi\u015fdir<br \/>\nP\u0259nc\u0259r\u0259nin yax\u0131nl\u0131\u011f\u0131nda v\u0259 ya p\u0259nc\u0259r\u0259nin arxas\u0131ndak\u0131 otaqdan k\u0259narda ota\u011f\u0131n i\u00e7\u0259risin\u0259 yerl\u0259\u015fdirm\u0259 imkan\u0131<br \/>\n\u015e\u0259h\u0259r suyuna qo\u015fularaq su \u00e7\u0259nini doldurmaq imkan\u0131<\/p>\n","protected":false},"excerpt":{"rendered":"<p>Donar ikili ventilyator soyuducu \u0130randa ilk d\u0259f\u0259 olaraq Donar Khazar \u015firk\u0259ti t\u0259r\u0259find\u0259n 38337 n\u00f6mr\u0259li patent qeydiyyat\u0131 alt\u0131ndad\u0131r v\u0259 onun imtiyaz\u0131<\/p>\n","protected":false},"featured_media":7359,"comment_status":"open","ping_status":"closed","template":"","meta":[],"product_cat":[278],"product_tag":[342,291,340],"yoast_head":"<!-- This site is optimized with the Yoast SEO plugin v22.8 - https:\/\/yoast.com\/wordpress\/plugins\/seo\/ -->\n<title>Dauphin su soyuducu modeli M3400<\/title>\n<meta name=\"description\" content=\"Asanl\u0131qla v\u0259 tez al\u0131n! Onlayn v\u0259 kreditl\u0259 \u00f6d\u0259m\u0259kl\u0259 2 donar ventilyatorlu su soyuducu sifari\u015f edin v\u0259 kreditl\u0259 onlayn al\u0131\u015f-veri\u015fd\u0259n h\u0259zz al\u0131n.\" \/>\n<meta name=\"robots\" content=\"index, follow, max-snippet:-1, max-image-preview:large, max-video-preview:-1\" \/>\n<link rel=\"canonical\" href=\"https:\/\/donar.ir\/product\/\u06a9\u0648\u0644\u0631-\u0622\u0628\u06cc-2-\u0641\u0646-\u062f\u0648\u0646\u0627\u0631-\u0645\u062f\u0644-dec340-34\/\" \/>\n<meta property=\"og:locale\" content=\"az_AZ\" \/>\n<meta property=\"og:type\" content=\"article\" \/>\n<meta property=\"og:title\" content=\"Dauphin su soyuducu modeli M3400\" \/>\n<meta property=\"og:description\" content=\"Asanl\u0131qla v\u0259 tez al\u0131n! Onlayn v\u0259 kreditl\u0259 \u00f6d\u0259m\u0259kl\u0259 2 donar ventilyatorlu su soyuducu sifari\u015f edin v\u0259 kreditl\u0259 onlayn al\u0131\u015f-veri\u015fd\u0259n h\u0259zz al\u0131n.\" \/>\n<meta property=\"og:url\" content=\"https:\/\/donar.ir\/product\/\u06a9\u0648\u0644\u0631-\u0622\u0628\u06cc-2-\u0641\u0646-\u062f\u0648\u0646\u0627\u0631-\u0645\u062f\u0644-dec340-34\/\" \/>\n<meta property=\"og:site_name\" content=\"\u062f\u0648\u0646\u0627\u0631\" \/>\n<meta property=\"og:image\" content=\"https:\/\/donar.ir\/wp-content\/uploads\/2021\/03\/DEC340-34.jpg\" \/>\n\t<meta property=\"og:image:width\" content=\"1000\" \/>\n\t<meta property=\"og:image:height\" content=\"1000\" \/>\n\t<meta property=\"og:image:type\" content=\"image\/jpeg\" \/>\n<meta name=\"twitter:card\" content=\"summary_large_image\" \/>\n<meta name=\"twitter:label1\" content=\"Est. reading time\" \/>\n\t<meta name=\"twitter:data1\" content=\"1 minute\" \/>\n<script type=\"application\/ld+json\" class=\"yoast-schema-graph\">{\"@context\":\"https:\/\/schema.org\",\"@graph\":[{\"@type\":\"WebPage\",\"@id\":\"https:\/\/donar.ir\/product\/%da%a9%d9%88%d9%84%d8%b1-%d8%a2%d8%a8%db%8c-2-%d9%81%d9%86-%d8%af%d9%88%d9%86%d8%a7%d8%b1-%d9%85%d8%af%d9%84-dec340-34\/\",\"url\":\"https:\/\/donar.ir\/product\/%da%a9%d9%88%d9%84%d8%b1-%d8%a2%d8%a8%db%8c-2-%d9%81%d9%86-%d8%af%d9%88%d9%86%d8%a7%d8%b1-%d9%85%d8%af%d9%84-dec340-34\/\",\"name\":\"Dauphin su soyuducu modeli M3400\",\"isPartOf\":{\"@id\":\"https:\/\/donar.ir\/#website\"},\"primaryImageOfPage\":{\"@id\":\"https:\/\/donar.ir\/product\/%da%a9%d9%88%d9%84%d8%b1-%d8%a2%d8%a8%db%8c-2-%d9%81%d9%86-%d8%af%d9%88%d9%86%d8%a7%d8%b1-%d9%85%d8%af%d9%84-dec340-34\/#primaryimage\"},\"image\":{\"@id\":\"https:\/\/donar.ir\/product\/%da%a9%d9%88%d9%84%d8%b1-%d8%a2%d8%a8%db%8c-2-%d9%81%d9%86-%d8%af%d9%88%d9%86%d8%a7%d8%b1-%d9%85%d8%af%d9%84-dec340-34\/#primaryimage\"},\"thumbnailUrl\":\"https:\/\/donar.ir\/wp-content\/uploads\/2021\/03\/DEC340-34.jpg\",\"datePublished\":\"2021-03-03T13:07:42+00:00\",\"dateModified\":\"2021-03-03T13:07:42+00:00\",\"description\":\"Asanl\u0131qla v\u0259 tez al\u0131n! Onlayn v\u0259 kreditl\u0259 \u00f6d\u0259m\u0259kl\u0259 2 donar ventilyatorlu su soyuducu sifari\u015f edin v\u0259 kreditl\u0259 onlayn al\u0131\u015f-veri\u015fd\u0259n h\u0259zz al\u0131n.\",\"breadcrumb\":{\"@id\":\"https:\/\/donar.ir\/product\/%da%a9%d9%88%d9%84%d8%b1-%d8%a2%d8%a8%db%8c-2-%d9%81%d9%86-%d8%af%d9%88%d9%86%d8%a7%d8%b1-%d9%85%d8%af%d9%84-dec340-34\/#breadcrumb\"},\"inLanguage\":\"az\",\"potentialAction\":[{\"@type\":\"ReadAction\",\"target\":[\"https:\/\/donar.ir\/product\/%da%a9%d9%88%d9%84%d8%b1-%d8%a2%d8%a8%db%8c-2-%d9%81%d9%86-%d8%af%d9%88%d9%86%d8%a7%d8%b1-%d9%85%d8%af%d9%84-dec340-34\/\"]}]},{\"@type\":\"ImageObject\",\"inLanguage\":\"az\",\"@id\":\"https:\/\/donar.ir\/product\/%da%a9%d9%88%d9%84%d8%b1-%d8%a2%d8%a8%db%8c-2-%d9%81%d9%86-%d8%af%d9%88%d9%86%d8%a7%d8%b1-%d9%85%d8%af%d9%84-dec340-34\/#primaryimage\",\"url\":\"https:\/\/donar.ir\/wp-content\/uploads\/2021\/03\/DEC340-34.jpg\",\"contentUrl\":\"https:\/\/donar.ir\/wp-content\/uploads\/2021\/03\/DEC340-34.jpg\",\"width\":1000,\"height\":1000,\"caption\":\"Dauphin su soyuducu modeli M3400\"},{\"@type\":\"BreadcrumbList\",\"@id\":\"https:\/\/donar.ir\/product\/%da%a9%d9%88%d9%84%d8%b1-%d8%a2%d8%a8%db%8c-2-%d9%81%d9%86-%d8%af%d9%88%d9%86%d8%a7%d8%b1-%d9%85%d8%af%d9%84-dec340-34\/#breadcrumb\",\"itemListElement\":[{\"@type\":\"ListItem\",\"position\":1,\"name\":\"\u062e\u0627\u0646\u0647\",\"item\":\"https:\/\/donar.ir\/az\/\"},{\"@type\":\"ListItem\",\"position\":2,\"name\":\"\u0641\u0631\u0648\u0634\u06af\u0627\u0647\",\"item\":\"https:\/\/donar.ir\/shop\/\"},{\"@type\":\"ListItem\",\"position\":3,\"name\":\"Dauphin su soyuducu modeli M3400\"}]},{\"@type\":\"WebSite\",\"@id\":\"https:\/\/donar.ir\/#website\",\"url\":\"https:\/\/donar.ir\/\",\"name\":\"\u062f\u0648\u0646\u0627\u0631\",\"description\":\"\u062a\u0648\u0644\u06cc\u062f \u06a9\u0646\u0646\u062f\u0647 \u0644\u0648\u0627\u0632\u0645 \u062e\u0627\u0646\u06af\u06cc\",\"potentialAction\":[{\"@type\":\"SearchAction\",\"target\":{\"@type\":\"EntryPoint\",\"urlTemplate\":\"https:\/\/donar.ir\/?s={search_term_string}\"},\"query-input\":\"required name=search_term_string\"}],\"inLanguage\":\"az\"}]}<\/script>\n<!-- \/ Yoast SEO plugin. -->","yoast_head_json":{"title":"Dauphin su soyuducu modeli M3400","description":"Asanl\u0131qla v\u0259 tez al\u0131n! Onlayn v\u0259 kreditl\u0259 \u00f6d\u0259m\u0259kl\u0259 2 donar ventilyatorlu su soyuducu sifari\u015f edin v\u0259 kreditl\u0259 onlayn al\u0131\u015f-veri\u015fd\u0259n h\u0259zz al\u0131n.","robots":{"index":"index","follow":"follow","max-snippet":"max-snippet:-1","max-image-preview":"max-image-preview:large","max-video-preview":"max-video-preview:-1"},"canonical":"https:\/\/donar.ir\/product\/\u06a9\u0648\u0644\u0631-\u0622\u0628\u06cc-2-\u0641\u0646-\u062f\u0648\u0646\u0627\u0631-\u0645\u062f\u0644-dec340-34\/","og_locale":"az_AZ","og_type":"article","og_title":"Dauphin su soyuducu modeli M3400","og_description":"Asanl\u0131qla v\u0259 tez al\u0131n! Onlayn v\u0259 kreditl\u0259 \u00f6d\u0259m\u0259kl\u0259 2 donar ventilyatorlu su soyuducu sifari\u015f edin v\u0259 kreditl\u0259 onlayn al\u0131\u015f-veri\u015fd\u0259n h\u0259zz al\u0131n.","og_url":"https:\/\/donar.ir\/product\/\u06a9\u0648\u0644\u0631-\u0622\u0628\u06cc-2-\u0641\u0646-\u062f\u0648\u0646\u0627\u0631-\u0645\u062f\u0644-dec340-34\/","og_site_name":"\u062f\u0648\u0646\u0627\u0631","og_image":[{"width":1000,"height":1000,"url":"https:\/\/donar.ir\/wp-content\/uploads\/2021\/03\/DEC340-34.jpg","type":"image\/jpeg"}],"twitter_card":"summary_large_image","twitter_misc":{"Est. reading time":"1 minute"},"schema":{"@context":"https:\/\/schema.org","@graph":[{"@type":"WebPage","@id":"https:\/\/donar.ir\/product\/%da%a9%d9%88%d9%84%d8%b1-%d8%a2%d8%a8%db%8c-2-%d9%81%d9%86-%d8%af%d9%88%d9%86%d8%a7%d8%b1-%d9%85%d8%af%d9%84-dec340-34\/","url":"https:\/\/donar.ir\/product\/%da%a9%d9%88%d9%84%d8%b1-%d8%a2%d8%a8%db%8c-2-%d9%81%d9%86-%d8%af%d9%88%d9%86%d8%a7%d8%b1-%d9%85%d8%af%d9%84-dec340-34\/","name":"Dauphin su soyuducu modeli M3400","isPartOf":{"@id":"https:\/\/donar.ir\/#website"},"primaryImageOfPage":{"@id":"https:\/\/donar.ir\/product\/%da%a9%d9%88%d9%84%d8%b1-%d8%a2%d8%a8%db%8c-2-%d9%81%d9%86-%d8%af%d9%88%d9%86%d8%a7%d8%b1-%d9%85%d8%af%d9%84-dec340-34\/#primaryimage"},"image":{"@id":"https:\/\/donar.ir\/product\/%da%a9%d9%88%d9%84%d8%b1-%d8%a2%d8%a8%db%8c-2-%d9%81%d9%86-%d8%af%d9%88%d9%86%d8%a7%d8%b1-%d9%85%d8%af%d9%84-dec340-34\/#primaryimage"},"thumbnailUrl":"https:\/\/donar.ir\/wp-content\/uploads\/2021\/03\/DEC340-34.jpg","datePublished":"2021-03-03T13:07:42+00:00","dateModified":"2021-03-03T13:07:42+00:00","description":"Asanl\u0131qla v\u0259 tez al\u0131n! Onlayn v\u0259 kreditl\u0259 \u00f6d\u0259m\u0259kl\u0259 2 donar ventilyatorlu su soyuducu sifari\u015f edin v\u0259 kreditl\u0259 onlayn al\u0131\u015f-veri\u015fd\u0259n h\u0259zz al\u0131n.","breadcrumb":{"@id":"https:\/\/donar.ir\/product\/%da%a9%d9%88%d9%84%d8%b1-%d8%a2%d8%a8%db%8c-2-%d9%81%d9%86-%d8%af%d9%88%d9%86%d8%a7%d8%b1-%d9%85%d8%af%d9%84-dec340-34\/#breadcrumb"},"inLanguage":"az","potentialAction":[{"@type":"ReadAction","target":["https:\/\/donar.ir\/product\/%da%a9%d9%88%d9%84%d8%b1-%d8%a2%d8%a8%db%8c-2-%d9%81%d9%86-%d8%af%d9%88%d9%86%d8%a7%d8%b1-%d9%85%d8%af%d9%84-dec340-34\/"]}]},{"@type":"ImageObject","inLanguage":"az","@id":"https:\/\/donar.ir\/product\/%da%a9%d9%88%d9%84%d8%b1-%d8%a2%d8%a8%db%8c-2-%d9%81%d9%86-%d8%af%d9%88%d9%86%d8%a7%d8%b1-%d9%85%d8%af%d9%84-dec340-34\/#primaryimage","url":"https:\/\/donar.ir\/wp-content\/uploads\/2021\/03\/DEC340-34.jpg","contentUrl":"https:\/\/donar.ir\/wp-content\/uploads\/2021\/03\/DEC340-34.jpg","width":1000,"height":1000,"caption":"Dauphin su soyuducu modeli M3400"},{"@type":"BreadcrumbList","@id":"https:\/\/donar.ir\/product\/%da%a9%d9%88%d9%84%d8%b1-%d8%a2%d8%a8%db%8c-2-%d9%81%d9%86-%d8%af%d9%88%d9%86%d8%a7%d8%b1-%d9%85%d8%af%d9%84-dec340-34\/#breadcrumb","itemListElement":[{"@type":"ListItem","position":1,"name":"\u062e\u0627\u0646\u0647","item":"https:\/\/donar.ir\/az\/"},{"@type":"ListItem","position":2,"name":"\u0641\u0631\u0648\u0634\u06af\u0627\u0647","item":"https:\/\/donar.ir\/shop\/"},{"@type":"ListItem","position":3,"name":"Dauphin su soyuducu modeli M3400"}]},{"@type":"WebSite","@id":"https:\/\/donar.ir\/#website","url":"https:\/\/donar.ir\/","name":"\u062f\u0648\u0646\u0627\u0631","description":"\u062a\u0648\u0644\u06cc\u062f \u06a9\u0646\u0646\u062f\u0647 \u0644\u0648\u0627\u0632\u0645 \u062e\u0627\u0646\u06af\u06cc","potentialAction":[{"@type":"SearchAction","target":{"@type":"EntryPoint","urlTemplate":"https:\/\/donar.ir\/?s={search_term_string}"},"query-input":"required name=search_term_string"}],"inLanguage":"az"}]}},"_links":{"self":[{"href":"https:\/\/donar.ir\/az\/wp-json\/wp\/v2\/product\/9623"}],"collection":[{"href":"https:\/\/donar.ir\/az\/wp-json\/wp\/v2\/product"}],"about":[{"href":"https:\/\/donar.ir\/az\/wp-json\/wp\/v2\/types\/product"}],"replies":[{"embeddable":true,"href":"https:\/\/donar.ir\/az\/wp-json\/wp\/v2\/comments?post=9623"}],"wp:featuredmedia":[{"embeddable":true,"href":"https:\/\/donar.ir\/az\/wp-json\/wp\/v2\/media\/7359"}],"wp:attachment":[{"href":"https:\/\/donar.ir\/az\/wp-json\/wp\/v2\/media?parent=9623"}],"wp:term":[{"taxonomy":"product_cat","embeddable":true,"href":"https:\/\/donar.ir\/az\/wp-json\/wp\/v2\/product_cat?post=9623"},{"taxonomy":"product_tag","embeddable":true,"href":"https:\/\/donar.ir\/az\/wp-json\/wp\/v2\/product_tag?post=9623"}],"curies":[{"name":"wp","href":"https:\/\/api.w.org\/{rel}","templated":true}]}}