{"id":9616,"date":"2021-03-03T16:37:04","date_gmt":"2021-03-03T13:07:04","guid":{"rendered":"https:\/\/donar.ir\/product\/uc-s%c9%99b%c9%99t-qabyuyan-masin-modeli-316n\/"},"modified":"2025-06-02T09:42:08","modified_gmt":"2025-06-02T06:12:08","slug":"uc-s%c9%99b%c9%99t-qabyuyan-masin-modeli-316n","status":"publish","type":"product","link":"https:\/\/donar.ir\/az\/product\/uc-s%c9%99b%c9%99t-qabyuyan-masin-modeli-316n\/","title":{"rendered":"\u00dc\u00e7 s\u0259b\u0259t qabyuyan ma\u015f\u0131n modeli 316N"},"content":{"rendered":"<p dir=\"ltr\" style=\"text-align: left;\">\u00dc\u00e7 s\u0259b\u0259tli qabyuyan ma\u015f\u0131nda:<br \/>\nAvtomatik yuyulma v\u0259 su v\u0259 enerjinin optimal istifad\u0259si<br \/>\nEnerjini 24 saata q\u0259d\u0259r gecikdirm\u0259k qabiliyy\u0259tin\u0259 malikdir<br \/>\nOptimal yuma \u00fc\u00e7\u00fcn temperaturun avtomatik t\u0259nziml\u0259nm\u0259si<br \/>\na\u015fa\u011f\u0131 s\u0259s-k\u00fcy<br \/>\nHa\u015fda duz v\u0259 cilalay\u0131c\u0131 madd\u0259nin miqdar\u0131n\u0131 verir<br \/>\nU\u015faq kilidi var<br \/>\nM\u00fch\u0259rrikin\u0259 5 il z\u0259man\u0259t verilir<br \/>\nEko-iqtisadi proqram<br \/>\nS\u00fcr\u0259tli v\u0259 g\u00fccl\u00fc yuma<br \/>\nDuzlu meyv\u0259 v\u0259 duzlu t\u0259r\u0259v\u0259zl\u0259r<br \/>\nQurutma sistemi var<br \/>\nA\u011f\u0131ll\u0131 nasazl\u0131qlar\u0131n aradan qald\u0131r\u0131lmas\u0131 sistemi<br \/>\nAyr\u0131 bir qa\u015f\u0131q v\u0259 \u00e7\u0259ng\u0259l s\u0259b\u0259ti var<br \/>\nOrta s\u0259b\u0259tin h\u00fcnd\u00fcrl\u00fcy\u00fcn\u00fc t\u0259nziml\u0259m\u0259k imkan\u0131<br \/>\nYar\u0131m m\u0259rt\u0259b\u0259 se\u00e7m\u0259k imkan\u0131 il\u0259 yar\u0131m tutumun yuyulmas\u0131<br \/>\n\u00dc\u00e7 s\u0259b\u0259t v\u0259 \u00fc\u00e7 \u00e7il\u0259yici qolu var<\/p>\n","protected":false},"excerpt":{"rendered":"<p>\u00dc\u00e7 s\u0259b\u0259tli qabyuyan ma\u015f\u0131nda: Avtomatik yuyulma v\u0259 su v\u0259 enerjinin optimal istifad\u0259si Enerjini 24 saata q\u0259d\u0259r gecikdirm\u0259k qabiliyy\u0259tin\u0259 malikdir Optimal<\/p>\n","protected":false},"featured_media":8795,"comment_status":"open","ping_status":"closed","template":"","meta":[],"product_cat":[277],"product_tag":[328,291,331,329,330],"yoast_head":"<!-- This site is optimized with the Yoast SEO plugin v22.8 - https:\/\/yoast.com\/wordpress\/plugins\/seo\/ -->\n<title>\u00dc\u00e7 s\u0259b\u0259t qabyuyan ma\u015f\u0131n<\/title>\n<meta name=\"description\" content=\"Asanl\u0131qla v\u0259 tez al\u0131n! Donar \u00fc\u00e7 s\u0259b\u0259tli qabyuyan ma\u015f\u0131n\u0131n\u0131 kreditl\u0259 v\u0259 onlayn \u00f6d\u0259ni\u015fl\u0259 sifari\u015f edin v\u0259 el\u0259 indi kreditl\u0259 onlayn al\u0131\u015f-veri\u015fd\u0259n h\u0259zz al\u0131n.\" \/>\n<meta name=\"robots\" content=\"index, follow, max-snippet:-1, max-image-preview:large, max-video-preview:-1\" \/>\n<link rel=\"canonical\" href=\"https:\/\/donar.ir\/product\/\u0645\u0627\u0634\u06cc\u0646-\u0638\u0631\u0641\u0634\u0648\u06cc\u06cc-\u062f\u0648\u0646\u0627\u0631-\u0645\u062f\u0644-ddm14-02\/\" \/>\n<meta property=\"og:locale\" content=\"az_AZ\" \/>\n<meta property=\"og:type\" content=\"article\" \/>\n<meta property=\"og:title\" content=\"\u00dc\u00e7 s\u0259b\u0259t qabyuyan ma\u015f\u0131n\" \/>\n<meta property=\"og:description\" content=\"Asanl\u0131qla v\u0259 tez al\u0131n! Donar \u00fc\u00e7 s\u0259b\u0259tli qabyuyan ma\u015f\u0131n\u0131n\u0131 kreditl\u0259 v\u0259 onlayn \u00f6d\u0259ni\u015fl\u0259 sifari\u015f edin v\u0259 el\u0259 indi kreditl\u0259 onlayn al\u0131\u015f-veri\u015fd\u0259n h\u0259zz al\u0131n.\" \/>\n<meta property=\"og:url\" content=\"https:\/\/donar.ir\/product\/\u0645\u0627\u0634\u06cc\u0646-\u0638\u0631\u0641\u0634\u0648\u06cc\u06cc-\u062f\u0648\u0646\u0627\u0631-\u0645\u062f\u0644-ddm14-02\/\" \/>\n<meta property=\"og:site_name\" content=\"\u062f\u0648\u0646\u0627\u0631\" \/>\n<meta property=\"article:modified_time\" content=\"2025-06-02T06:12:08+00:00\" \/>\n<meta property=\"og:image\" content=\"https:\/\/donar.ir\/wp-content\/uploads\/2021\/03\/\u0638\u0631\u0641\u0634\u0648\u06cc\u06cc-\u0633\u0641\u06cc\u062f.jpg\" \/>\n\t<meta property=\"og:image:width\" content=\"1000\" \/>\n\t<meta property=\"og:image:height\" content=\"1000\" \/>\n\t<meta property=\"og:image:type\" content=\"image\/jpeg\" \/>\n<meta name=\"twitter:card\" content=\"summary_large_image\" \/>\n<meta name=\"twitter:label1\" content=\"Est. reading time\" \/>\n\t<meta name=\"twitter:data1\" content=\"1 minute\" \/>\n<script type=\"application\/ld+json\" class=\"yoast-schema-graph\">{\"@context\":\"https:\/\/schema.org\",\"@graph\":[{\"@type\":\"WebPage\",\"@id\":\"https:\/\/donar.ir\/product\/%d9%85%d8%a7%d8%b4%db%8c%d9%86-%d8%b8%d8%b1%d9%81%d8%b4%d9%88%db%8c%db%8c-%d8%af%d9%88%d9%86%d8%a7%d8%b1-%d9%85%d8%af%d9%84-ddm14-02\/\",\"url\":\"https:\/\/donar.ir\/product\/%d9%85%d8%a7%d8%b4%db%8c%d9%86-%d8%b8%d8%b1%d9%81%d8%b4%d9%88%db%8c%db%8c-%d8%af%d9%88%d9%86%d8%a7%d8%b1-%d9%85%d8%af%d9%84-ddm14-02\/\",\"name\":\"\u00dc\u00e7 s\u0259b\u0259t qabyuyan ma\u015f\u0131n\",\"isPartOf\":{\"@id\":\"https:\/\/donar.ir\/#website\"},\"primaryImageOfPage\":{\"@id\":\"https:\/\/donar.ir\/product\/%d9%85%d8%a7%d8%b4%db%8c%d9%86-%d8%b8%d8%b1%d9%81%d8%b4%d9%88%db%8c%db%8c-%d8%af%d9%88%d9%86%d8%a7%d8%b1-%d9%85%d8%af%d9%84-ddm14-02\/#primaryimage\"},\"image\":{\"@id\":\"https:\/\/donar.ir\/product\/%d9%85%d8%a7%d8%b4%db%8c%d9%86-%d8%b8%d8%b1%d9%81%d8%b4%d9%88%db%8c%db%8c-%d8%af%d9%88%d9%86%d8%a7%d8%b1-%d9%85%d8%af%d9%84-ddm14-02\/#primaryimage\"},\"thumbnailUrl\":\"https:\/\/donar.ir\/wp-content\/uploads\/2021\/03\/\u0638\u0631\u0641\u0634\u0648\u06cc\u06cc-\u0633\u0641\u06cc\u062f.jpg\",\"datePublished\":\"2021-03-03T13:07:04+00:00\",\"dateModified\":\"2025-06-02T06:12:08+00:00\",\"description\":\"Asanl\u0131qla v\u0259 tez al\u0131n! Donar \u00fc\u00e7 s\u0259b\u0259tli qabyuyan ma\u015f\u0131n\u0131n\u0131 kreditl\u0259 v\u0259 onlayn \u00f6d\u0259ni\u015fl\u0259 sifari\u015f edin v\u0259 el\u0259 indi kreditl\u0259 onlayn al\u0131\u015f-veri\u015fd\u0259n h\u0259zz al\u0131n.\",\"breadcrumb\":{\"@id\":\"https:\/\/donar.ir\/product\/%d9%85%d8%a7%d8%b4%db%8c%d9%86-%d8%b8%d8%b1%d9%81%d8%b4%d9%88%db%8c%db%8c-%d8%af%d9%88%d9%86%d8%a7%d8%b1-%d9%85%d8%af%d9%84-ddm14-02\/#breadcrumb\"},\"inLanguage\":\"az\",\"potentialAction\":[{\"@type\":\"ReadAction\",\"target\":[\"https:\/\/donar.ir\/product\/%d9%85%d8%a7%d8%b4%db%8c%d9%86-%d8%b8%d8%b1%d9%81%d8%b4%d9%88%db%8c%db%8c-%d8%af%d9%88%d9%86%d8%a7%d8%b1-%d9%85%d8%af%d9%84-ddm14-02\/\"]}]},{\"@type\":\"ImageObject\",\"inLanguage\":\"az\",\"@id\":\"https:\/\/donar.ir\/product\/%d9%85%d8%a7%d8%b4%db%8c%d9%86-%d8%b8%d8%b1%d9%81%d8%b4%d9%88%db%8c%db%8c-%d8%af%d9%88%d9%86%d8%a7%d8%b1-%d9%85%d8%af%d9%84-ddm14-02\/#primaryimage\",\"url\":\"https:\/\/donar.ir\/wp-content\/uploads\/2021\/03\/\u0638\u0631\u0641\u0634\u0648\u06cc\u06cc-\u0633\u0641\u06cc\u062f.jpg\",\"contentUrl\":\"https:\/\/donar.ir\/wp-content\/uploads\/2021\/03\/\u0638\u0631\u0641\u0634\u0648\u06cc\u06cc-\u0633\u0641\u06cc\u062f.jpg\",\"width\":1000,\"height\":1000},{\"@type\":\"BreadcrumbList\",\"@id\":\"https:\/\/donar.ir\/product\/%d9%85%d8%a7%d8%b4%db%8c%d9%86-%d8%b8%d8%b1%d9%81%d8%b4%d9%88%db%8c%db%8c-%d8%af%d9%88%d9%86%d8%a7%d8%b1-%d9%85%d8%af%d9%84-ddm14-02\/#breadcrumb\",\"itemListElement\":[{\"@type\":\"ListItem\",\"position\":1,\"name\":\"\u062e\u0627\u0646\u0647\",\"item\":\"https:\/\/donar.ir\/az\/\"},{\"@type\":\"ListItem\",\"position\":2,\"name\":\"\u0641\u0631\u0648\u0634\u06af\u0627\u0647\",\"item\":\"https:\/\/donar.ir\/shop\/\"},{\"@type\":\"ListItem\",\"position\":3,\"name\":\"\u00dc\u00e7 s\u0259b\u0259t qabyuyan ma\u015f\u0131n modeli 316N\"}]},{\"@type\":\"WebSite\",\"@id\":\"https:\/\/donar.ir\/#website\",\"url\":\"https:\/\/donar.ir\/\",\"name\":\"\u062f\u0648\u0646\u0627\u0631\",\"description\":\"\u062a\u0648\u0644\u06cc\u062f \u06a9\u0646\u0646\u062f\u0647 \u0644\u0648\u0627\u0632\u0645 \u062e\u0627\u0646\u06af\u06cc\",\"potentialAction\":[{\"@type\":\"SearchAction\",\"target\":{\"@type\":\"EntryPoint\",\"urlTemplate\":\"https:\/\/donar.ir\/?s={search_term_string}\"},\"query-input\":\"required name=search_term_string\"}],\"inLanguage\":\"az\"}]}<\/script>\n<!-- \/ Yoast SEO plugin. -->","yoast_head_json":{"title":"\u00dc\u00e7 s\u0259b\u0259t qabyuyan ma\u015f\u0131n","description":"Asanl\u0131qla v\u0259 tez al\u0131n! Donar \u00fc\u00e7 s\u0259b\u0259tli qabyuyan ma\u015f\u0131n\u0131n\u0131 kreditl\u0259 v\u0259 onlayn \u00f6d\u0259ni\u015fl\u0259 sifari\u015f edin v\u0259 el\u0259 indi kreditl\u0259 onlayn al\u0131\u015f-veri\u015fd\u0259n h\u0259zz al\u0131n.","robots":{"index":"index","follow":"follow","max-snippet":"max-snippet:-1","max-image-preview":"max-image-preview:large","max-video-preview":"max-video-preview:-1"},"canonical":"https:\/\/donar.ir\/product\/\u0645\u0627\u0634\u06cc\u0646-\u0638\u0631\u0641\u0634\u0648\u06cc\u06cc-\u062f\u0648\u0646\u0627\u0631-\u0645\u062f\u0644-ddm14-02\/","og_locale":"az_AZ","og_type":"article","og_title":"\u00dc\u00e7 s\u0259b\u0259t qabyuyan ma\u015f\u0131n","og_description":"Asanl\u0131qla v\u0259 tez al\u0131n! Donar \u00fc\u00e7 s\u0259b\u0259tli qabyuyan ma\u015f\u0131n\u0131n\u0131 kreditl\u0259 v\u0259 onlayn \u00f6d\u0259ni\u015fl\u0259 sifari\u015f edin v\u0259 el\u0259 indi kreditl\u0259 onlayn al\u0131\u015f-veri\u015fd\u0259n h\u0259zz al\u0131n.","og_url":"https:\/\/donar.ir\/product\/\u0645\u0627\u0634\u06cc\u0646-\u0638\u0631\u0641\u0634\u0648\u06cc\u06cc-\u062f\u0648\u0646\u0627\u0631-\u0645\u062f\u0644-ddm14-02\/","og_site_name":"\u062f\u0648\u0646\u0627\u0631","article_modified_time":"2025-06-02T06:12:08+00:00","og_image":[{"width":1000,"height":1000,"url":"https:\/\/donar.ir\/wp-content\/uploads\/2021\/03\/\u0638\u0631\u0641\u0634\u0648\u06cc\u06cc-\u0633\u0641\u06cc\u062f.jpg","type":"image\/jpeg"}],"twitter_card":"summary_large_image","twitter_misc":{"Est. reading time":"1 minute"},"schema":{"@context":"https:\/\/schema.org","@graph":[{"@type":"WebPage","@id":"https:\/\/donar.ir\/product\/%d9%85%d8%a7%d8%b4%db%8c%d9%86-%d8%b8%d8%b1%d9%81%d8%b4%d9%88%db%8c%db%8c-%d8%af%d9%88%d9%86%d8%a7%d8%b1-%d9%85%d8%af%d9%84-ddm14-02\/","url":"https:\/\/donar.ir\/product\/%d9%85%d8%a7%d8%b4%db%8c%d9%86-%d8%b8%d8%b1%d9%81%d8%b4%d9%88%db%8c%db%8c-%d8%af%d9%88%d9%86%d8%a7%d8%b1-%d9%85%d8%af%d9%84-ddm14-02\/","name":"\u00dc\u00e7 s\u0259b\u0259t qabyuyan ma\u015f\u0131n","isPartOf":{"@id":"https:\/\/donar.ir\/#website"},"primaryImageOfPage":{"@id":"https:\/\/donar.ir\/product\/%d9%85%d8%a7%d8%b4%db%8c%d9%86-%d8%b8%d8%b1%d9%81%d8%b4%d9%88%db%8c%db%8c-%d8%af%d9%88%d9%86%d8%a7%d8%b1-%d9%85%d8%af%d9%84-ddm14-02\/#primaryimage"},"image":{"@id":"https:\/\/donar.ir\/product\/%d9%85%d8%a7%d8%b4%db%8c%d9%86-%d8%b8%d8%b1%d9%81%d8%b4%d9%88%db%8c%db%8c-%d8%af%d9%88%d9%86%d8%a7%d8%b1-%d9%85%d8%af%d9%84-ddm14-02\/#primaryimage"},"thumbnailUrl":"https:\/\/donar.ir\/wp-content\/uploads\/2021\/03\/\u0638\u0631\u0641\u0634\u0648\u06cc\u06cc-\u0633\u0641\u06cc\u062f.jpg","datePublished":"2021-03-03T13:07:04+00:00","dateModified":"2025-06-02T06:12:08+00:00","description":"Asanl\u0131qla v\u0259 tez al\u0131n! Donar \u00fc\u00e7 s\u0259b\u0259tli qabyuyan ma\u015f\u0131n\u0131n\u0131 kreditl\u0259 v\u0259 onlayn \u00f6d\u0259ni\u015fl\u0259 sifari\u015f edin v\u0259 el\u0259 indi kreditl\u0259 onlayn al\u0131\u015f-veri\u015fd\u0259n h\u0259zz al\u0131n.","breadcrumb":{"@id":"https:\/\/donar.ir\/product\/%d9%85%d8%a7%d8%b4%db%8c%d9%86-%d8%b8%d8%b1%d9%81%d8%b4%d9%88%db%8c%db%8c-%d8%af%d9%88%d9%86%d8%a7%d8%b1-%d9%85%d8%af%d9%84-ddm14-02\/#breadcrumb"},"inLanguage":"az","potentialAction":[{"@type":"ReadAction","target":["https:\/\/donar.ir\/product\/%d9%85%d8%a7%d8%b4%db%8c%d9%86-%d8%b8%d8%b1%d9%81%d8%b4%d9%88%db%8c%db%8c-%d8%af%d9%88%d9%86%d8%a7%d8%b1-%d9%85%d8%af%d9%84-ddm14-02\/"]}]},{"@type":"ImageObject","inLanguage":"az","@id":"https:\/\/donar.ir\/product\/%d9%85%d8%a7%d8%b4%db%8c%d9%86-%d8%b8%d8%b1%d9%81%d8%b4%d9%88%db%8c%db%8c-%d8%af%d9%88%d9%86%d8%a7%d8%b1-%d9%85%d8%af%d9%84-ddm14-02\/#primaryimage","url":"https:\/\/donar.ir\/wp-content\/uploads\/2021\/03\/\u0638\u0631\u0641\u0634\u0648\u06cc\u06cc-\u0633\u0641\u06cc\u062f.jpg","contentUrl":"https:\/\/donar.ir\/wp-content\/uploads\/2021\/03\/\u0638\u0631\u0641\u0634\u0648\u06cc\u06cc-\u0633\u0641\u06cc\u062f.jpg","width":1000,"height":1000},{"@type":"BreadcrumbList","@id":"https:\/\/donar.ir\/product\/%d9%85%d8%a7%d8%b4%db%8c%d9%86-%d8%b8%d8%b1%d9%81%d8%b4%d9%88%db%8c%db%8c-%d8%af%d9%88%d9%86%d8%a7%d8%b1-%d9%85%d8%af%d9%84-ddm14-02\/#breadcrumb","itemListElement":[{"@type":"ListItem","position":1,"name":"\u062e\u0627\u0646\u0647","item":"https:\/\/donar.ir\/az\/"},{"@type":"ListItem","position":2,"name":"\u0641\u0631\u0648\u0634\u06af\u0627\u0647","item":"https:\/\/donar.ir\/shop\/"},{"@type":"ListItem","position":3,"name":"\u00dc\u00e7 s\u0259b\u0259t qabyuyan ma\u015f\u0131n modeli 316N"}]},{"@type":"WebSite","@id":"https:\/\/donar.ir\/#website","url":"https:\/\/donar.ir\/","name":"\u062f\u0648\u0646\u0627\u0631","description":"\u062a\u0648\u0644\u06cc\u062f \u06a9\u0646\u0646\u062f\u0647 \u0644\u0648\u0627\u0632\u0645 \u062e\u0627\u0646\u06af\u06cc","potentialAction":[{"@type":"SearchAction","target":{"@type":"EntryPoint","urlTemplate":"https:\/\/donar.ir\/?s={search_term_string}"},"query-input":"required name=search_term_string"}],"inLanguage":"az"}]}},"_links":{"self":[{"href":"https:\/\/donar.ir\/az\/wp-json\/wp\/v2\/product\/9616"}],"collection":[{"href":"https:\/\/donar.ir\/az\/wp-json\/wp\/v2\/product"}],"about":[{"href":"https:\/\/donar.ir\/az\/wp-json\/wp\/v2\/types\/product"}],"replies":[{"embeddable":true,"href":"https:\/\/donar.ir\/az\/wp-json\/wp\/v2\/comments?post=9616"}],"wp:featuredmedia":[{"embeddable":true,"href":"https:\/\/donar.ir\/az\/wp-json\/wp\/v2\/media\/8795"}],"wp:attachment":[{"href":"https:\/\/donar.ir\/az\/wp-json\/wp\/v2\/media?parent=9616"}],"wp:term":[{"taxonomy":"product_cat","embeddable":true,"href":"https:\/\/donar.ir\/az\/wp-json\/wp\/v2\/product_cat?post=9616"},{"taxonomy":"product_tag","embeddable":true,"href":"https:\/\/donar.ir\/az\/wp-json\/wp\/v2\/product_tag?post=9616"}],"curies":[{"name":"wp","href":"https:\/\/api.w.org\/{rel}","templated":true}]}}