{"id":9605,"date":"2021-03-08T16:54:19","date_gmt":"2021-03-08T13:24:19","guid":{"rendered":"https:\/\/donar.ir\/product\/soyuducu-dondurucu-model-70-30-qabariq-qapi\/"},"modified":"2024-11-11T16:32:12","modified_gmt":"2024-11-11T13:02:12","slug":"soyuducu-dondurucu-model-70-30-qabariq-qapi","status":"publish","type":"product","link":"https:\/\/donar.ir\/az\/product\/soyuducu-dondurucu-model-70-30-qabariq-qapi\/","title":{"rendered":"Soyuducu dondurucu model 70 &#8211; 30 qabar\u0131q qap\u0131"},"content":{"rendered":"<p>Mehbed Donardak\u0131 soyuducu-dondurucuda:<\/p>\n<p dir=\"ltr\" style=\"text-align: left;\">Daxili m\u0259kan\u0131n optimal istifad\u0259si \u00fc\u00e7\u00fcn d\u00f6\u015f\u0259m\u0259l\u0259ri d\u0259yi\u015fdirm\u0259k imkan\u0131<br \/>\nQap\u0131n\u0131n \u0259traf\u0131nda antibakterial rezin<br \/>\nQ\u0131r\u0131lmaz v\u0259 kilidli \u015f\u00fc\u015f\u0259 d\u00f6\u015f\u0259m\u0259l\u0259r<br \/>\nT\u0259z\u0259 meyv\u0259 v\u0259 t\u0259r\u0259v\u0259zl\u0259r \u00fc\u00e7\u00fcn saxlama b\u00f6lm\u0259si<br \/>\nT\u0259nziml\u0259n\u0259n \u0259saslar<br \/>\nAyr\u0131-ayr\u0131 soyutma sistemi<\/p>\n","protected":false},"excerpt":{"rendered":"<p>Mehbed Donardak\u0131 soyuducu-dondurucuda: Daxili m\u0259kan\u0131n optimal istifad\u0259si \u00fc\u00e7\u00fcn d\u00f6\u015f\u0259m\u0259l\u0259ri d\u0259yi\u015fdirm\u0259k imkan\u0131 Qap\u0131n\u0131n \u0259traf\u0131nda antibakterial rezin Q\u0131r\u0131lmaz v\u0259 kilidli \u015f\u00fc\u015f\u0259 d\u00f6\u015f\u0259m\u0259l\u0259r<\/p>\n","protected":false},"featured_media":8739,"comment_status":"open","ping_status":"closed","template":"","meta":[],"product_cat":[313,275],"product_tag":[317,291,316,290],"yoast_head":"<!-- This site is optimized with the Yoast SEO plugin v22.8 - https:\/\/yoast.com\/wordpress\/plugins\/seo\/ -->\n<title>Soyuducu dondurucu model 70 - 30 qabar\u0131q qap\u0131<\/title>\n<meta name=\"description\" content=\"Asanl\u0131qla v\u0259 tez al\u0131n! Medhab Donar-da soyuducu-dondurucunu kreditl\u0259 v\u0259 onlayn \u00f6d\u0259ni\u015fl\u0259 sifari\u015f edin v\u0259 al\u0131\u015f-veri\u015finizd\u0259n kreditl\u0259 onlayn al\u0131\u015f-veri\u015fd\u0259n h\u0259zz al\u0131n.\" \/>\n<meta name=\"robots\" content=\"index, follow, max-snippet:-1, max-image-preview:large, max-video-preview:-1\" \/>\n<link rel=\"canonical\" href=\"https:\/\/donar.ir\/product\/\u06cc\u062e\u0686\u0627\u0644-\u0641\u0631\u06cc\u0632\u0631-\u062f\u0648\u0646\u0627\u0631-\u0645\u062f\u0644-dfr-340-d17\/\" \/>\n<meta property=\"og:locale\" content=\"az_AZ\" \/>\n<meta property=\"og:type\" content=\"article\" \/>\n<meta property=\"og:title\" content=\"Soyuducu dondurucu model 70 - 30 qabar\u0131q qap\u0131\" \/>\n<meta property=\"og:description\" content=\"Asanl\u0131qla v\u0259 tez al\u0131n! Medhab Donar-da soyuducu-dondurucunu kreditl\u0259 v\u0259 onlayn \u00f6d\u0259ni\u015fl\u0259 sifari\u015f edin v\u0259 al\u0131\u015f-veri\u015finizd\u0259n kreditl\u0259 onlayn al\u0131\u015f-veri\u015fd\u0259n h\u0259zz al\u0131n.\" \/>\n<meta property=\"og:url\" content=\"https:\/\/donar.ir\/product\/\u06cc\u062e\u0686\u0627\u0644-\u0641\u0631\u06cc\u0632\u0631-\u062f\u0648\u0646\u0627\u0631-\u0645\u062f\u0644-dfr-340-d17\/\" \/>\n<meta property=\"og:site_name\" content=\"\u062f\u0648\u0646\u0627\u0631\" \/>\n<meta property=\"article:modified_time\" content=\"2024-11-11T13:02:12+00:00\" \/>\n<meta property=\"og:image\" content=\"https:\/\/donar.ir\/wp-content\/uploads\/2021\/03\/30-70.jpg\" \/>\n\t<meta property=\"og:image:width\" content=\"1000\" \/>\n\t<meta property=\"og:image:height\" content=\"1000\" \/>\n\t<meta property=\"og:image:type\" content=\"image\/jpeg\" \/>\n<meta name=\"twitter:card\" content=\"summary_large_image\" \/>\n<script type=\"application\/ld+json\" class=\"yoast-schema-graph\">{\"@context\":\"https:\/\/schema.org\",\"@graph\":[{\"@type\":\"WebPage\",\"@id\":\"https:\/\/donar.ir\/product\/%db%8c%d8%ae%da%86%d8%a7%d9%84-%d9%81%d8%b1%db%8c%d8%b2%d8%b1-%d8%af%d9%88%d9%86%d8%a7%d8%b1-%d9%85%d8%af%d9%84-dfr-340-d17\/\",\"url\":\"https:\/\/donar.ir\/product\/%db%8c%d8%ae%da%86%d8%a7%d9%84-%d9%81%d8%b1%db%8c%d8%b2%d8%b1-%d8%af%d9%88%d9%86%d8%a7%d8%b1-%d9%85%d8%af%d9%84-dfr-340-d17\/\",\"name\":\"Soyuducu dondurucu model 70 - 30 qabar\u0131q qap\u0131\",\"isPartOf\":{\"@id\":\"https:\/\/donar.ir\/#website\"},\"primaryImageOfPage\":{\"@id\":\"https:\/\/donar.ir\/product\/%db%8c%d8%ae%da%86%d8%a7%d9%84-%d9%81%d8%b1%db%8c%d8%b2%d8%b1-%d8%af%d9%88%d9%86%d8%a7%d8%b1-%d9%85%d8%af%d9%84-dfr-340-d17\/#primaryimage\"},\"image\":{\"@id\":\"https:\/\/donar.ir\/product\/%db%8c%d8%ae%da%86%d8%a7%d9%84-%d9%81%d8%b1%db%8c%d8%b2%d8%b1-%d8%af%d9%88%d9%86%d8%a7%d8%b1-%d9%85%d8%af%d9%84-dfr-340-d17\/#primaryimage\"},\"thumbnailUrl\":\"https:\/\/donar.ir\/wp-content\/uploads\/2021\/03\/30-70.jpg\",\"datePublished\":\"2021-03-08T13:24:19+00:00\",\"dateModified\":\"2024-11-11T13:02:12+00:00\",\"description\":\"Asanl\u0131qla v\u0259 tez al\u0131n! Medhab Donar-da soyuducu-dondurucunu kreditl\u0259 v\u0259 onlayn \u00f6d\u0259ni\u015fl\u0259 sifari\u015f edin v\u0259 al\u0131\u015f-veri\u015finizd\u0259n kreditl\u0259 onlayn al\u0131\u015f-veri\u015fd\u0259n h\u0259zz al\u0131n.\",\"breadcrumb\":{\"@id\":\"https:\/\/donar.ir\/product\/%db%8c%d8%ae%da%86%d8%a7%d9%84-%d9%81%d8%b1%db%8c%d8%b2%d8%b1-%d8%af%d9%88%d9%86%d8%a7%d8%b1-%d9%85%d8%af%d9%84-dfr-340-d17\/#breadcrumb\"},\"inLanguage\":\"az\",\"potentialAction\":[{\"@type\":\"ReadAction\",\"target\":[\"https:\/\/donar.ir\/product\/%db%8c%d8%ae%da%86%d8%a7%d9%84-%d9%81%d8%b1%db%8c%d8%b2%d8%b1-%d8%af%d9%88%d9%86%d8%a7%d8%b1-%d9%85%d8%af%d9%84-dfr-340-d17\/\"]}]},{\"@type\":\"ImageObject\",\"inLanguage\":\"az\",\"@id\":\"https:\/\/donar.ir\/product\/%db%8c%d8%ae%da%86%d8%a7%d9%84-%d9%81%d8%b1%db%8c%d8%b2%d8%b1-%d8%af%d9%88%d9%86%d8%a7%d8%b1-%d9%85%d8%af%d9%84-dfr-340-d17\/#primaryimage\",\"url\":\"https:\/\/donar.ir\/wp-content\/uploads\/2021\/03\/30-70.jpg\",\"contentUrl\":\"https:\/\/donar.ir\/wp-content\/uploads\/2021\/03\/30-70.jpg\",\"width\":1000,\"height\":1000},{\"@type\":\"BreadcrumbList\",\"@id\":\"https:\/\/donar.ir\/product\/%db%8c%d8%ae%da%86%d8%a7%d9%84-%d9%81%d8%b1%db%8c%d8%b2%d8%b1-%d8%af%d9%88%d9%86%d8%a7%d8%b1-%d9%85%d8%af%d9%84-dfr-340-d17\/#breadcrumb\",\"itemListElement\":[{\"@type\":\"ListItem\",\"position\":1,\"name\":\"\u062e\u0627\u0646\u0647\",\"item\":\"https:\/\/donar.ir\/az\/\"},{\"@type\":\"ListItem\",\"position\":2,\"name\":\"\u0641\u0631\u0648\u0634\u06af\u0627\u0647\",\"item\":\"https:\/\/donar.ir\/shop\/\"},{\"@type\":\"ListItem\",\"position\":3,\"name\":\"Soyuducu dondurucu model 70 &#8211; 30 qabar\u0131q qap\u0131\"}]},{\"@type\":\"WebSite\",\"@id\":\"https:\/\/donar.ir\/#website\",\"url\":\"https:\/\/donar.ir\/\",\"name\":\"\u062f\u0648\u0646\u0627\u0631\",\"description\":\"\u062a\u0648\u0644\u06cc\u062f \u06a9\u0646\u0646\u062f\u0647 \u0644\u0648\u0627\u0632\u0645 \u062e\u0627\u0646\u06af\u06cc\",\"potentialAction\":[{\"@type\":\"SearchAction\",\"target\":{\"@type\":\"EntryPoint\",\"urlTemplate\":\"https:\/\/donar.ir\/?s={search_term_string}\"},\"query-input\":\"required name=search_term_string\"}],\"inLanguage\":\"az\"}]}<\/script>\n<!-- \/ Yoast SEO plugin. -->","yoast_head_json":{"title":"Soyuducu dondurucu model 70 - 30 qabar\u0131q qap\u0131","description":"Asanl\u0131qla v\u0259 tez al\u0131n! Medhab Donar-da soyuducu-dondurucunu kreditl\u0259 v\u0259 onlayn \u00f6d\u0259ni\u015fl\u0259 sifari\u015f edin v\u0259 al\u0131\u015f-veri\u015finizd\u0259n kreditl\u0259 onlayn al\u0131\u015f-veri\u015fd\u0259n h\u0259zz al\u0131n.","robots":{"index":"index","follow":"follow","max-snippet":"max-snippet:-1","max-image-preview":"max-image-preview:large","max-video-preview":"max-video-preview:-1"},"canonical":"https:\/\/donar.ir\/product\/\u06cc\u062e\u0686\u0627\u0644-\u0641\u0631\u06cc\u0632\u0631-\u062f\u0648\u0646\u0627\u0631-\u0645\u062f\u0644-dfr-340-d17\/","og_locale":"az_AZ","og_type":"article","og_title":"Soyuducu dondurucu model 70 - 30 qabar\u0131q qap\u0131","og_description":"Asanl\u0131qla v\u0259 tez al\u0131n! Medhab Donar-da soyuducu-dondurucunu kreditl\u0259 v\u0259 onlayn \u00f6d\u0259ni\u015fl\u0259 sifari\u015f edin v\u0259 al\u0131\u015f-veri\u015finizd\u0259n kreditl\u0259 onlayn al\u0131\u015f-veri\u015fd\u0259n h\u0259zz al\u0131n.","og_url":"https:\/\/donar.ir\/product\/\u06cc\u062e\u0686\u0627\u0644-\u0641\u0631\u06cc\u0632\u0631-\u062f\u0648\u0646\u0627\u0631-\u0645\u062f\u0644-dfr-340-d17\/","og_site_name":"\u062f\u0648\u0646\u0627\u0631","article_modified_time":"2024-11-11T13:02:12+00:00","og_image":[{"width":1000,"height":1000,"url":"https:\/\/donar.ir\/wp-content\/uploads\/2021\/03\/30-70.jpg","type":"image\/jpeg"}],"twitter_card":"summary_large_image","schema":{"@context":"https:\/\/schema.org","@graph":[{"@type":"WebPage","@id":"https:\/\/donar.ir\/product\/%db%8c%d8%ae%da%86%d8%a7%d9%84-%d9%81%d8%b1%db%8c%d8%b2%d8%b1-%d8%af%d9%88%d9%86%d8%a7%d8%b1-%d9%85%d8%af%d9%84-dfr-340-d17\/","url":"https:\/\/donar.ir\/product\/%db%8c%d8%ae%da%86%d8%a7%d9%84-%d9%81%d8%b1%db%8c%d8%b2%d8%b1-%d8%af%d9%88%d9%86%d8%a7%d8%b1-%d9%85%d8%af%d9%84-dfr-340-d17\/","name":"Soyuducu dondurucu model 70 - 30 qabar\u0131q qap\u0131","isPartOf":{"@id":"https:\/\/donar.ir\/#website"},"primaryImageOfPage":{"@id":"https:\/\/donar.ir\/product\/%db%8c%d8%ae%da%86%d8%a7%d9%84-%d9%81%d8%b1%db%8c%d8%b2%d8%b1-%d8%af%d9%88%d9%86%d8%a7%d8%b1-%d9%85%d8%af%d9%84-dfr-340-d17\/#primaryimage"},"image":{"@id":"https:\/\/donar.ir\/product\/%db%8c%d8%ae%da%86%d8%a7%d9%84-%d9%81%d8%b1%db%8c%d8%b2%d8%b1-%d8%af%d9%88%d9%86%d8%a7%d8%b1-%d9%85%d8%af%d9%84-dfr-340-d17\/#primaryimage"},"thumbnailUrl":"https:\/\/donar.ir\/wp-content\/uploads\/2021\/03\/30-70.jpg","datePublished":"2021-03-08T13:24:19+00:00","dateModified":"2024-11-11T13:02:12+00:00","description":"Asanl\u0131qla v\u0259 tez al\u0131n! Medhab Donar-da soyuducu-dondurucunu kreditl\u0259 v\u0259 onlayn \u00f6d\u0259ni\u015fl\u0259 sifari\u015f edin v\u0259 al\u0131\u015f-veri\u015finizd\u0259n kreditl\u0259 onlayn al\u0131\u015f-veri\u015fd\u0259n h\u0259zz al\u0131n.","breadcrumb":{"@id":"https:\/\/donar.ir\/product\/%db%8c%d8%ae%da%86%d8%a7%d9%84-%d9%81%d8%b1%db%8c%d8%b2%d8%b1-%d8%af%d9%88%d9%86%d8%a7%d8%b1-%d9%85%d8%af%d9%84-dfr-340-d17\/#breadcrumb"},"inLanguage":"az","potentialAction":[{"@type":"ReadAction","target":["https:\/\/donar.ir\/product\/%db%8c%d8%ae%da%86%d8%a7%d9%84-%d9%81%d8%b1%db%8c%d8%b2%d8%b1-%d8%af%d9%88%d9%86%d8%a7%d8%b1-%d9%85%d8%af%d9%84-dfr-340-d17\/"]}]},{"@type":"ImageObject","inLanguage":"az","@id":"https:\/\/donar.ir\/product\/%db%8c%d8%ae%da%86%d8%a7%d9%84-%d9%81%d8%b1%db%8c%d8%b2%d8%b1-%d8%af%d9%88%d9%86%d8%a7%d8%b1-%d9%85%d8%af%d9%84-dfr-340-d17\/#primaryimage","url":"https:\/\/donar.ir\/wp-content\/uploads\/2021\/03\/30-70.jpg","contentUrl":"https:\/\/donar.ir\/wp-content\/uploads\/2021\/03\/30-70.jpg","width":1000,"height":1000},{"@type":"BreadcrumbList","@id":"https:\/\/donar.ir\/product\/%db%8c%d8%ae%da%86%d8%a7%d9%84-%d9%81%d8%b1%db%8c%d8%b2%d8%b1-%d8%af%d9%88%d9%86%d8%a7%d8%b1-%d9%85%d8%af%d9%84-dfr-340-d17\/#breadcrumb","itemListElement":[{"@type":"ListItem","position":1,"name":"\u062e\u0627\u0646\u0647","item":"https:\/\/donar.ir\/az\/"},{"@type":"ListItem","position":2,"name":"\u0641\u0631\u0648\u0634\u06af\u0627\u0647","item":"https:\/\/donar.ir\/shop\/"},{"@type":"ListItem","position":3,"name":"Soyuducu dondurucu model 70 &#8211; 30 qabar\u0131q qap\u0131"}]},{"@type":"WebSite","@id":"https:\/\/donar.ir\/#website","url":"https:\/\/donar.ir\/","name":"\u062f\u0648\u0646\u0627\u0631","description":"\u062a\u0648\u0644\u06cc\u062f \u06a9\u0646\u0646\u062f\u0647 \u0644\u0648\u0627\u0632\u0645 \u062e\u0627\u0646\u06af\u06cc","potentialAction":[{"@type":"SearchAction","target":{"@type":"EntryPoint","urlTemplate":"https:\/\/donar.ir\/?s={search_term_string}"},"query-input":"required name=search_term_string"}],"inLanguage":"az"}]}},"_links":{"self":[{"href":"https:\/\/donar.ir\/az\/wp-json\/wp\/v2\/product\/9605"}],"collection":[{"href":"https:\/\/donar.ir\/az\/wp-json\/wp\/v2\/product"}],"about":[{"href":"https:\/\/donar.ir\/az\/wp-json\/wp\/v2\/types\/product"}],"replies":[{"embeddable":true,"href":"https:\/\/donar.ir\/az\/wp-json\/wp\/v2\/comments?post=9605"}],"wp:featuredmedia":[{"embeddable":true,"href":"https:\/\/donar.ir\/az\/wp-json\/wp\/v2\/media\/8739"}],"wp:attachment":[{"href":"https:\/\/donar.ir\/az\/wp-json\/wp\/v2\/media?parent=9605"}],"wp:term":[{"taxonomy":"product_cat","embeddable":true,"href":"https:\/\/donar.ir\/az\/wp-json\/wp\/v2\/product_cat?post=9605"},{"taxonomy":"product_tag","embeddable":true,"href":"https:\/\/donar.ir\/az\/wp-json\/wp\/v2\/product_tag?post=9605"}],"curies":[{"name":"wp","href":"https:\/\/api.w.org\/{rel}","templated":true}]}}