{"id":10199,"date":"2024-09-08T08:25:55","date_gmt":"2024-09-08T04:55:55","guid":{"rendered":"https:\/\/donar.ir\/product\/21-fut-no-frost-new-plus-soyuducu-home-bar-d17-il%c9%99\/"},"modified":"2024-09-08T08:25:55","modified_gmt":"2024-09-08T04:55:55","slug":"21-fut-no-frost-new-plus-soyuducu-home-bar-d17-il%c9%99","status":"publish","type":"product","link":"https:\/\/donar.ir\/az\/product\/21-fut-no-frost-new-plus-soyuducu-home-bar-d17-il%c9%99\/","title":{"rendered":"21 fut No Frost NEW Plus Soyuducu Home Bar D17 il\u0259"},"content":{"rendered":"<p dir=\"ltr\" style=\"text-align: left;\">Home Bar D17 il\u0259 NoFrost NEW Plus Soyuducu:<\/p>\n<p dir=\"ltr\" style=\"text-align: left;\">U\u015faq kilidi il\u0259 r\u0259q\u0259msal displey<\/p>\n<p dir=\"ltr\" style=\"text-align: left;\">LED i\u015f\u0131qland\u0131rma sistemi il\u0259 t\u0259chiz olunub<\/p>\n<p dir=\"ltr\" style=\"text-align: left;\">Qap\u0131n\u0131n a\u00e7\u0131q oldu\u011funu bildirm\u0259k \u00fc\u00e7\u00fcn h\u0259y\u0259can siqnal\u0131 il\u0259 t\u0259chiz edilmi\u015fdir.<\/p>\n<p dir=\"ltr\" style=\"text-align: left;\">A\u011f\u0131ll\u0131 nasazl\u0131qlar\u0131n aradan qald\u0131r\u0131lmas\u0131 sistemi<\/p>\n<p dir=\"ltr\" style=\"text-align: left;\">Asanl\u0131qla a\u00e7\u0131lan qolu<\/p>\n<p dir=\"ltr\" style=\"text-align: left;\">Qap\u0131n\u0131n \u00e7ox a\u00e7\u0131lmas\u0131n\u0131n qar\u015f\u0131s\u0131n\u0131 almaq \u00fc\u00e7\u00fcn mente\u015f\u0259 dayanaca\u011f\u0131 il\u0259 t\u0259chiz edilmi\u015fdir.<\/p>\n<p dir=\"ltr\" style=\"text-align: left;\">Daxili m\u0259kan\u0131n optimal istifad\u0259si \u00fc\u00e7\u00fcn d\u00f6\u015f\u0259m\u0259l\u0259ri d\u0259yi\u015fdirm\u0259k imkan\u0131<\/p>\n<p dir=\"ltr\" style=\"text-align: left;\">\u015e\u00fc\u015f\u0259 r\u0259fl\u0259ri s\u0131nd\u0131rmay\u0131n v\u0259 onlar\u0131 ba\u011flamay\u0131n.<\/p>\n<p dir=\"ltr\" style=\"text-align: left;\">T\u0259z\u0259 meyv\u0259 v\u0259 t\u0259r\u0259v\u0259z saxlamaq \u00fc\u00e7\u00fcn b\u00f6lm\u0259<\/p>\n<p dir=\"ltr\" style=\"text-align: left;\">No Frost soyutma sistemi<\/p>\n","protected":false},"excerpt":{"rendered":"<p>Home Bar D17 il\u0259 NoFrost NEW Plus Soyuducu: U\u015faq kilidi il\u0259 r\u0259q\u0259msal displey LED i\u015f\u0131qland\u0131rma sistemi il\u0259 t\u0259chiz olunub Qap\u0131n\u0131n<\/p>\n","protected":false},"featured_media":9886,"comment_status":"open","ping_status":"closed","template":"","meta":[],"product_cat":[275],"product_tag":[291,390,290],"yoast_head":"<!-- This site is optimized with the Yoast SEO plugin v22.8 - https:\/\/yoast.com\/wordpress\/plugins\/seo\/ -->\n<title>\u06cc\u062e\u0686\u0627\u0644-21-\u0641\u0648\u062a-\u0645\u062f\u0644-\u0646\u0648\u0641\u0631\u0627\u0633\u062a-new-\u067e\u0644\u0627\u0633-\u0628\u0627-\u0647\u0648\u0645-\u0628\u0627\u0631-d17 - \u062f\u0648\u0646\u0627\u0631<\/title>\n<meta name=\"description\" content=\"Asanl\u0131qla v\u0259 tez al\u0131n! Kreditl\u0259 onlayn \u00f6d\u0259m\u0259kl\u0259 Home Bar il\u0259 D17 Donar No Frost soyuducu sifari\u015f edin v\u0259 kreditl\u0259 onlayn al\u0131\u015f-veri\u015fd\u0259n indi z\u00f6vq al\u0131n.\" \/>\n<meta name=\"robots\" content=\"index, follow, max-snippet:-1, max-image-preview:large, max-video-preview:-1\" \/>\n<link rel=\"canonical\" href=\"https:\/\/donar.ir\/product\/\u06cc\u062e\u0686\u0627\u0644-21-\u0641\u0648\u062a-\u0645\u062f\u0644-\u0646\u0648\u0641\u0631\u0627\u0633\u062a-new-\u067e\u0644\u0627\u0633-\u0628\u0627-\u0647\u0648\u0645-\u0628\u0627\u0631-d17\/\" \/>\n<meta property=\"og:locale\" content=\"az_AZ\" \/>\n<meta property=\"og:type\" content=\"article\" \/>\n<meta property=\"og:title\" content=\"\u06cc\u062e\u0686\u0627\u0644-21-\u0641\u0648\u062a-\u0645\u062f\u0644-\u0646\u0648\u0641\u0631\u0627\u0633\u062a-new-\u067e\u0644\u0627\u0633-\u0628\u0627-\u0647\u0648\u0645-\u0628\u0627\u0631-d17 - \u062f\u0648\u0646\u0627\u0631\" \/>\n<meta property=\"og:description\" content=\"Asanl\u0131qla v\u0259 tez al\u0131n! Kreditl\u0259 onlayn \u00f6d\u0259m\u0259kl\u0259 Home Bar il\u0259 D17 Donar No Frost soyuducu sifari\u015f edin v\u0259 kreditl\u0259 onlayn al\u0131\u015f-veri\u015fd\u0259n indi z\u00f6vq al\u0131n.\" \/>\n<meta property=\"og:url\" content=\"https:\/\/donar.ir\/product\/\u06cc\u062e\u0686\u0627\u0644-21-\u0641\u0648\u062a-\u0645\u062f\u0644-\u0646\u0648\u0641\u0631\u0627\u0633\u062a-new-\u067e\u0644\u0627\u0633-\u0628\u0627-\u0647\u0648\u0645-\u0628\u0627\u0631-d17\/\" \/>\n<meta property=\"og:site_name\" content=\"\u062f\u0648\u0646\u0627\u0631\" \/>\n<meta property=\"og:image\" content=\"https:\/\/donar.ir\/wp-content\/uploads\/2024\/09\/Untitled-1.jpg\" \/>\n\t<meta property=\"og:image:width\" content=\"600\" \/>\n\t<meta property=\"og:image:height\" content=\"600\" \/>\n\t<meta property=\"og:image:type\" content=\"image\/jpeg\" \/>\n<meta name=\"twitter:card\" content=\"summary_large_image\" \/>\n<meta name=\"twitter:label1\" content=\"Est. reading time\" \/>\n\t<meta name=\"twitter:data1\" content=\"1 minute\" \/>\n<script type=\"application\/ld+json\" class=\"yoast-schema-graph\">{\"@context\":\"https:\/\/schema.org\",\"@graph\":[{\"@type\":\"WebPage\",\"@id\":\"https:\/\/donar.ir\/product\/%db%8c%d8%ae%da%86%d8%a7%d9%84-21-%d9%81%d9%88%d8%aa-%d9%85%d8%af%d9%84-%d9%86%d9%88%d9%81%d8%b1%d8%a7%d8%b3%d8%aa-new-%d9%be%d9%84%d8%a7%d8%b3-%d8%a8%d8%a7-%d9%87%d9%88%d9%85-%d8%a8%d8%a7%d8%b1-d17\/\",\"url\":\"https:\/\/donar.ir\/product\/%db%8c%d8%ae%da%86%d8%a7%d9%84-21-%d9%81%d9%88%d8%aa-%d9%85%d8%af%d9%84-%d9%86%d9%88%d9%81%d8%b1%d8%a7%d8%b3%d8%aa-new-%d9%be%d9%84%d8%a7%d8%b3-%d8%a8%d8%a7-%d9%87%d9%88%d9%85-%d8%a8%d8%a7%d8%b1-d17\/\",\"name\":\"\u06cc\u062e\u0686\u0627\u0644-21-\u0641\u0648\u062a-\u0645\u062f\u0644-\u0646\u0648\u0641\u0631\u0627\u0633\u062a-new-\u067e\u0644\u0627\u0633-\u0628\u0627-\u0647\u0648\u0645-\u0628\u0627\u0631-d17 - \u062f\u0648\u0646\u0627\u0631\",\"isPartOf\":{\"@id\":\"https:\/\/donar.ir\/#website\"},\"primaryImageOfPage\":{\"@id\":\"https:\/\/donar.ir\/product\/%db%8c%d8%ae%da%86%d8%a7%d9%84-21-%d9%81%d9%88%d8%aa-%d9%85%d8%af%d9%84-%d9%86%d9%88%d9%81%d8%b1%d8%a7%d8%b3%d8%aa-new-%d9%be%d9%84%d8%a7%d8%b3-%d8%a8%d8%a7-%d9%87%d9%88%d9%85-%d8%a8%d8%a7%d8%b1-d17\/#primaryimage\"},\"image\":{\"@id\":\"https:\/\/donar.ir\/product\/%db%8c%d8%ae%da%86%d8%a7%d9%84-21-%d9%81%d9%88%d8%aa-%d9%85%d8%af%d9%84-%d9%86%d9%88%d9%81%d8%b1%d8%a7%d8%b3%d8%aa-new-%d9%be%d9%84%d8%a7%d8%b3-%d8%a8%d8%a7-%d9%87%d9%88%d9%85-%d8%a8%d8%a7%d8%b1-d17\/#primaryimage\"},\"thumbnailUrl\":\"https:\/\/donar.ir\/wp-content\/uploads\/2024\/09\/Untitled-1.jpg\",\"datePublished\":\"2024-09-08T04:55:55+00:00\",\"dateModified\":\"2024-09-08T04:55:55+00:00\",\"description\":\"Asanl\u0131qla v\u0259 tez al\u0131n! Kreditl\u0259 onlayn \u00f6d\u0259m\u0259kl\u0259 Home Bar il\u0259 D17 Donar No Frost soyuducu sifari\u015f edin v\u0259 kreditl\u0259 onlayn al\u0131\u015f-veri\u015fd\u0259n indi z\u00f6vq al\u0131n.\",\"breadcrumb\":{\"@id\":\"https:\/\/donar.ir\/product\/%db%8c%d8%ae%da%86%d8%a7%d9%84-21-%d9%81%d9%88%d8%aa-%d9%85%d8%af%d9%84-%d9%86%d9%88%d9%81%d8%b1%d8%a7%d8%b3%d8%aa-new-%d9%be%d9%84%d8%a7%d8%b3-%d8%a8%d8%a7-%d9%87%d9%88%d9%85-%d8%a8%d8%a7%d8%b1-d17\/#breadcrumb\"},\"inLanguage\":\"az\",\"potentialAction\":[{\"@type\":\"ReadAction\",\"target\":[\"https:\/\/donar.ir\/product\/%db%8c%d8%ae%da%86%d8%a7%d9%84-21-%d9%81%d9%88%d8%aa-%d9%85%d8%af%d9%84-%d9%86%d9%88%d9%81%d8%b1%d8%a7%d8%b3%d8%aa-new-%d9%be%d9%84%d8%a7%d8%b3-%d8%a8%d8%a7-%d9%87%d9%88%d9%85-%d8%a8%d8%a7%d8%b1-d17\/\"]}]},{\"@type\":\"ImageObject\",\"inLanguage\":\"az\",\"@id\":\"https:\/\/donar.ir\/product\/%db%8c%d8%ae%da%86%d8%a7%d9%84-21-%d9%81%d9%88%d8%aa-%d9%85%d8%af%d9%84-%d9%86%d9%88%d9%81%d8%b1%d8%a7%d8%b3%d8%aa-new-%d9%be%d9%84%d8%a7%d8%b3-%d8%a8%d8%a7-%d9%87%d9%88%d9%85-%d8%a8%d8%a7%d8%b1-d17\/#primaryimage\",\"url\":\"https:\/\/donar.ir\/wp-content\/uploads\/2024\/09\/Untitled-1.jpg\",\"contentUrl\":\"https:\/\/donar.ir\/wp-content\/uploads\/2024\/09\/Untitled-1.jpg\",\"width\":600,\"height\":600},{\"@type\":\"BreadcrumbList\",\"@id\":\"https:\/\/donar.ir\/product\/%db%8c%d8%ae%da%86%d8%a7%d9%84-21-%d9%81%d9%88%d8%aa-%d9%85%d8%af%d9%84-%d9%86%d9%88%d9%81%d8%b1%d8%a7%d8%b3%d8%aa-new-%d9%be%d9%84%d8%a7%d8%b3-%d8%a8%d8%a7-%d9%87%d9%88%d9%85-%d8%a8%d8%a7%d8%b1-d17\/#breadcrumb\",\"itemListElement\":[{\"@type\":\"ListItem\",\"position\":1,\"name\":\"\u062e\u0627\u0646\u0647\",\"item\":\"https:\/\/donar.ir\/az\/\"},{\"@type\":\"ListItem\",\"position\":2,\"name\":\"\u0641\u0631\u0648\u0634\u06af\u0627\u0647\",\"item\":\"https:\/\/donar.ir\/shop\/\"},{\"@type\":\"ListItem\",\"position\":3,\"name\":\"\u06f2\u06f1 fut No Frost NEW Plus Soyuducu Home Bar D17 il\u0259\"}]},{\"@type\":\"WebSite\",\"@id\":\"https:\/\/donar.ir\/#website\",\"url\":\"https:\/\/donar.ir\/\",\"name\":\"\u062f\u0648\u0646\u0627\u0631\",\"description\":\"\u062a\u0648\u0644\u06cc\u062f \u06a9\u0646\u0646\u062f\u0647 \u0644\u0648\u0627\u0632\u0645 \u062e\u0627\u0646\u06af\u06cc\",\"potentialAction\":[{\"@type\":\"SearchAction\",\"target\":{\"@type\":\"EntryPoint\",\"urlTemplate\":\"https:\/\/donar.ir\/?s={search_term_string}\"},\"query-input\":\"required name=search_term_string\"}],\"inLanguage\":\"az\"}]}<\/script>\n<!-- \/ Yoast SEO plugin. -->","yoast_head_json":{"title":"\u06cc\u062e\u0686\u0627\u0644-21-\u0641\u0648\u062a-\u0645\u062f\u0644-\u0646\u0648\u0641\u0631\u0627\u0633\u062a-new-\u067e\u0644\u0627\u0633-\u0628\u0627-\u0647\u0648\u0645-\u0628\u0627\u0631-d17 - \u062f\u0648\u0646\u0627\u0631","description":"Asanl\u0131qla v\u0259 tez al\u0131n! Kreditl\u0259 onlayn \u00f6d\u0259m\u0259kl\u0259 Home Bar il\u0259 D17 Donar No Frost soyuducu sifari\u015f edin v\u0259 kreditl\u0259 onlayn al\u0131\u015f-veri\u015fd\u0259n indi z\u00f6vq al\u0131n.","robots":{"index":"index","follow":"follow","max-snippet":"max-snippet:-1","max-image-preview":"max-image-preview:large","max-video-preview":"max-video-preview:-1"},"canonical":"https:\/\/donar.ir\/product\/\u06cc\u062e\u0686\u0627\u0644-21-\u0641\u0648\u062a-\u0645\u062f\u0644-\u0646\u0648\u0641\u0631\u0627\u0633\u062a-new-\u067e\u0644\u0627\u0633-\u0628\u0627-\u0647\u0648\u0645-\u0628\u0627\u0631-d17\/","og_locale":"az_AZ","og_type":"article","og_title":"\u06cc\u062e\u0686\u0627\u0644-21-\u0641\u0648\u062a-\u0645\u062f\u0644-\u0646\u0648\u0641\u0631\u0627\u0633\u062a-new-\u067e\u0644\u0627\u0633-\u0628\u0627-\u0647\u0648\u0645-\u0628\u0627\u0631-d17 - \u062f\u0648\u0646\u0627\u0631","og_description":"Asanl\u0131qla v\u0259 tez al\u0131n! Kreditl\u0259 onlayn \u00f6d\u0259m\u0259kl\u0259 Home Bar il\u0259 D17 Donar No Frost soyuducu sifari\u015f edin v\u0259 kreditl\u0259 onlayn al\u0131\u015f-veri\u015fd\u0259n indi z\u00f6vq al\u0131n.","og_url":"https:\/\/donar.ir\/product\/\u06cc\u062e\u0686\u0627\u0644-21-\u0641\u0648\u062a-\u0645\u062f\u0644-\u0646\u0648\u0641\u0631\u0627\u0633\u062a-new-\u067e\u0644\u0627\u0633-\u0628\u0627-\u0647\u0648\u0645-\u0628\u0627\u0631-d17\/","og_site_name":"\u062f\u0648\u0646\u0627\u0631","og_image":[{"width":600,"height":600,"url":"https:\/\/donar.ir\/wp-content\/uploads\/2024\/09\/Untitled-1.jpg","type":"image\/jpeg"}],"twitter_card":"summary_large_image","twitter_misc":{"Est. reading time":"1 minute"},"schema":{"@context":"https:\/\/schema.org","@graph":[{"@type":"WebPage","@id":"https:\/\/donar.ir\/product\/%db%8c%d8%ae%da%86%d8%a7%d9%84-21-%d9%81%d9%88%d8%aa-%d9%85%d8%af%d9%84-%d9%86%d9%88%d9%81%d8%b1%d8%a7%d8%b3%d8%aa-new-%d9%be%d9%84%d8%a7%d8%b3-%d8%a8%d8%a7-%d9%87%d9%88%d9%85-%d8%a8%d8%a7%d8%b1-d17\/","url":"https:\/\/donar.ir\/product\/%db%8c%d8%ae%da%86%d8%a7%d9%84-21-%d9%81%d9%88%d8%aa-%d9%85%d8%af%d9%84-%d9%86%d9%88%d9%81%d8%b1%d8%a7%d8%b3%d8%aa-new-%d9%be%d9%84%d8%a7%d8%b3-%d8%a8%d8%a7-%d9%87%d9%88%d9%85-%d8%a8%d8%a7%d8%b1-d17\/","name":"\u06cc\u062e\u0686\u0627\u0644-21-\u0641\u0648\u062a-\u0645\u062f\u0644-\u0646\u0648\u0641\u0631\u0627\u0633\u062a-new-\u067e\u0644\u0627\u0633-\u0628\u0627-\u0647\u0648\u0645-\u0628\u0627\u0631-d17 - \u062f\u0648\u0646\u0627\u0631","isPartOf":{"@id":"https:\/\/donar.ir\/#website"},"primaryImageOfPage":{"@id":"https:\/\/donar.ir\/product\/%db%8c%d8%ae%da%86%d8%a7%d9%84-21-%d9%81%d9%88%d8%aa-%d9%85%d8%af%d9%84-%d9%86%d9%88%d9%81%d8%b1%d8%a7%d8%b3%d8%aa-new-%d9%be%d9%84%d8%a7%d8%b3-%d8%a8%d8%a7-%d9%87%d9%88%d9%85-%d8%a8%d8%a7%d8%b1-d17\/#primaryimage"},"image":{"@id":"https:\/\/donar.ir\/product\/%db%8c%d8%ae%da%86%d8%a7%d9%84-21-%d9%81%d9%88%d8%aa-%d9%85%d8%af%d9%84-%d9%86%d9%88%d9%81%d8%b1%d8%a7%d8%b3%d8%aa-new-%d9%be%d9%84%d8%a7%d8%b3-%d8%a8%d8%a7-%d9%87%d9%88%d9%85-%d8%a8%d8%a7%d8%b1-d17\/#primaryimage"},"thumbnailUrl":"https:\/\/donar.ir\/wp-content\/uploads\/2024\/09\/Untitled-1.jpg","datePublished":"2024-09-08T04:55:55+00:00","dateModified":"2024-09-08T04:55:55+00:00","description":"Asanl\u0131qla v\u0259 tez al\u0131n! Kreditl\u0259 onlayn \u00f6d\u0259m\u0259kl\u0259 Home Bar il\u0259 D17 Donar No Frost soyuducu sifari\u015f edin v\u0259 kreditl\u0259 onlayn al\u0131\u015f-veri\u015fd\u0259n indi z\u00f6vq al\u0131n.","breadcrumb":{"@id":"https:\/\/donar.ir\/product\/%db%8c%d8%ae%da%86%d8%a7%d9%84-21-%d9%81%d9%88%d8%aa-%d9%85%d8%af%d9%84-%d9%86%d9%88%d9%81%d8%b1%d8%a7%d8%b3%d8%aa-new-%d9%be%d9%84%d8%a7%d8%b3-%d8%a8%d8%a7-%d9%87%d9%88%d9%85-%d8%a8%d8%a7%d8%b1-d17\/#breadcrumb"},"inLanguage":"az","potentialAction":[{"@type":"ReadAction","target":["https:\/\/donar.ir\/product\/%db%8c%d8%ae%da%86%d8%a7%d9%84-21-%d9%81%d9%88%d8%aa-%d9%85%d8%af%d9%84-%d9%86%d9%88%d9%81%d8%b1%d8%a7%d8%b3%d8%aa-new-%d9%be%d9%84%d8%a7%d8%b3-%d8%a8%d8%a7-%d9%87%d9%88%d9%85-%d8%a8%d8%a7%d8%b1-d17\/"]}]},{"@type":"ImageObject","inLanguage":"az","@id":"https:\/\/donar.ir\/product\/%db%8c%d8%ae%da%86%d8%a7%d9%84-21-%d9%81%d9%88%d8%aa-%d9%85%d8%af%d9%84-%d9%86%d9%88%d9%81%d8%b1%d8%a7%d8%b3%d8%aa-new-%d9%be%d9%84%d8%a7%d8%b3-%d8%a8%d8%a7-%d9%87%d9%88%d9%85-%d8%a8%d8%a7%d8%b1-d17\/#primaryimage","url":"https:\/\/donar.ir\/wp-content\/uploads\/2024\/09\/Untitled-1.jpg","contentUrl":"https:\/\/donar.ir\/wp-content\/uploads\/2024\/09\/Untitled-1.jpg","width":600,"height":600},{"@type":"BreadcrumbList","@id":"https:\/\/donar.ir\/product\/%db%8c%d8%ae%da%86%d8%a7%d9%84-21-%d9%81%d9%88%d8%aa-%d9%85%d8%af%d9%84-%d9%86%d9%88%d9%81%d8%b1%d8%a7%d8%b3%d8%aa-new-%d9%be%d9%84%d8%a7%d8%b3-%d8%a8%d8%a7-%d9%87%d9%88%d9%85-%d8%a8%d8%a7%d8%b1-d17\/#breadcrumb","itemListElement":[{"@type":"ListItem","position":1,"name":"\u062e\u0627\u0646\u0647","item":"https:\/\/donar.ir\/az\/"},{"@type":"ListItem","position":2,"name":"\u0641\u0631\u0648\u0634\u06af\u0627\u0647","item":"https:\/\/donar.ir\/shop\/"},{"@type":"ListItem","position":3,"name":"\u06f2\u06f1 fut No Frost NEW Plus Soyuducu Home Bar D17 il\u0259"}]},{"@type":"WebSite","@id":"https:\/\/donar.ir\/#website","url":"https:\/\/donar.ir\/","name":"\u062f\u0648\u0646\u0627\u0631","description":"\u062a\u0648\u0644\u06cc\u062f \u06a9\u0646\u0646\u062f\u0647 \u0644\u0648\u0627\u0632\u0645 \u062e\u0627\u0646\u06af\u06cc","potentialAction":[{"@type":"SearchAction","target":{"@type":"EntryPoint","urlTemplate":"https:\/\/donar.ir\/?s={search_term_string}"},"query-input":"required name=search_term_string"}],"inLanguage":"az"}]}},"_links":{"self":[{"href":"https:\/\/donar.ir\/az\/wp-json\/wp\/v2\/product\/10199"}],"collection":[{"href":"https:\/\/donar.ir\/az\/wp-json\/wp\/v2\/product"}],"about":[{"href":"https:\/\/donar.ir\/az\/wp-json\/wp\/v2\/types\/product"}],"replies":[{"embeddable":true,"href":"https:\/\/donar.ir\/az\/wp-json\/wp\/v2\/comments?post=10199"}],"wp:featuredmedia":[{"embeddable":true,"href":"https:\/\/donar.ir\/az\/wp-json\/wp\/v2\/media\/9886"}],"wp:attachment":[{"href":"https:\/\/donar.ir\/az\/wp-json\/wp\/v2\/media?parent=10199"}],"wp:term":[{"taxonomy":"product_cat","embeddable":true,"href":"https:\/\/donar.ir\/az\/wp-json\/wp\/v2\/product_cat?post=10199"},{"taxonomy":"product_tag","embeddable":true,"href":"https:\/\/donar.ir\/az\/wp-json\/wp\/v2\/product_tag?post=10199"}],"curies":[{"name":"wp","href":"https:\/\/api.w.org\/{rel}","templated":true}]}}